{"id":1341,"date":"2023-01-09T11:39:15","date_gmt":"2023-01-09T10:39:15","guid":{"rendered":"https:\/\/projektevernissage.fhstp.ac.at\/B\/?page_id=1341"},"modified":"2024-12-19T08:27:21","modified_gmt":"2024-12-19T07:27:21","slug":"programm","status":"publish","type":"page","link":"https:\/\/projektevernissage.ustp.at\/B\/programm\/","title":{"rendered":"Programm"},"content":{"rendered":"\n<h2 class=\"wp-block-heading\">Programm Projektevernissage<sup>Winter <\/sup>2025<\/h2>\n\n\n\n<p><br>15:00 Uhr | Offizielle <strong>Er\u00f6ffnung<\/strong> im gro\u00dfen Festsaal<br>15:00\u201318:00 Uhr | <strong>Pr\u00e4sentation der Projektst\u00e4nde<\/strong> im EG<br>15:00\u201318:00 Uhr | <strong>Jurybewertung<\/strong> durch teilnehmende Studierende<br>15:10-15:30 Uhr | <strong>Pitching Session<\/strong> im gro\u00dfen Festsaal<br>18:00 Uhr | <strong>Siegerehrung <\/strong>der Projektst\u00e4nde<\/p>\n\n\n\n<h2 class=\"wp-block-heading\">Rahmenprogramm<\/h2>\n\n\n\n<p><strong>Getr\u00e4nkestand<\/strong><br>18:30\u201321:00 Uhr, Mensa<br>Lasse mit Kolleg*innen die Projektevernissage ausklingen und sto\u00dfe mit den Gewinner*innen auf die Erfolge an.<\/p>\n\n\n\n<p><\/p>\n\n\n\n<h2 class=\"wp-block-heading\">Standplan<\/h2>\n\n\n\n<p>Der Standplan wird hier bald als Download verf\u00fcgbar sein.<\/p>\n","protected":false},"excerpt":{"rendered":"<p>Programm ProjektevernissageWinter 2025 15:00 Uhr | Offizielle Er\u00f6ffnung im gro\u00dfen Festsaal15:00\u201318:00 Uhr | Pr\u00e4sentation der Projektst\u00e4nde im EG15:00\u201318:00 Uhr | Jurybewertung durch teilnehmende Studierende15:10-15:30 Uhr | Pitching Session im gro\u00dfen Festsaal18:00 Uhr | Siegerehrung der Projektst\u00e4nde Rahmenprogramm Getr\u00e4nkestand18:30\u201321:00 Uhr, MensaLasse mit Kolleg*innen die Projektevernissage ausklingen und sto\u00dfe mit den Gewinner*innen auf die Erfolge an. Standplan [&hellip;]<\/p>\n","protected":false},"author":3,"featured_media":0,"parent":0,"menu_order":0,"comment_status":"closed","ping_status":"closed","template":"","meta":{"footnotes":""},"class_list":["post-1341","page","type-page","status-publish","hentry"],"_links":{"self":[{"href":"https:\/\/projektevernissage.ustp.at\/B\/wp-json\/wp\/v2\/pages\/1341","targetHints":{"allow":["GET"]}}],"collection":[{"href":"https:\/\/projektevernissage.ustp.at\/B\/wp-json\/wp\/v2\/pages"}],"about":[{"href":"https:\/\/projektevernissage.ustp.at\/B\/wp-json\/wp\/v2\/types\/page"}],"author":[{"embeddable":true,"href":"https:\/\/projektevernissage.ustp.at\/B\/wp-json\/wp\/v2\/users\/3"}],"replies":[{"embeddable":true,"href":"https:\/\/projektevernissage.ustp.at\/B\/wp-json\/wp\/v2\/comments?post=1341"}],"version-history":[{"count":27,"href":"https:\/\/projektevernissage.ustp.at\/B\/wp-json\/wp\/v2\/pages\/1341\/revisions"}],"predecessor-version":[{"id":2169,"href":"https:\/\/projektevernissage.ustp.at\/B\/wp-json\/wp\/v2\/pages\/1341\/revisions\/2169"}],"wp:attachment":[{"href":"https:\/\/projektevernissage.ustp.at\/B\/wp-json\/wp\/v2\/media?parent=1341"}],"curies":[{"name":"wp","href":"https:\/\/api.w.org\/{rel}","templated":true}]}}