{"id":1374,"date":"2023-01-18T12:59:06","date_gmt":"2023-01-18T11:59:06","guid":{"rendered":"https:\/\/projektevernissage.fhstp.ac.at\/B\/?page_id=1374"},"modified":"2023-01-18T15:08:15","modified_gmt":"2023-01-18T14:08:15","slug":"siegerinnenteams-2023-winter","status":"publish","type":"page","link":"https:\/\/projektevernissage.ustp.at\/B\/siegerinnenteams-2023-winter\/","title":{"rendered":"Sieger*innenteams 2023 Winter"},"content":{"rendered":"\n<h1 class=\"wp-block-heading\">Projektevernissage<sup>Winter <\/sup>2023<\/h1>\n\n\n\n<h2 class=\"wp-block-heading\">Sieger*innenteams<\/h2>\n\n\n\n<p>Am 17.01.2023 war es wieder so weit: Die 18. Projektevernissage fand mit 78 Aussteller*innenteams am Campus St. P\u00f6lten statt. Hier finden Sie die Siegerprojekte im \u00dcberblick:<\/p>\n\n\n\n<h3 class=\"wp-block-heading\">1. Platz der Kategorie Gesundheit<\/h3>\n\n\n\n<p><a href=\"https:\/\/projektevernissage.fhstp.ac.at\/B\/projekteinsicht\/?id=1492\" data-type=\"URL\" data-id=\"https:\/\/projektevernissage.fhstp.ac.at\/B\/projekteinsicht\/?id=1492\"><strong>Gem\u00fcseAckerdemie<\/strong><\/a><\/p>\n\n\n\n<p>Projektmitglieder: Julia Gastegger (di201011), Carmen Reichardt (di201012), Rebecca Mayer (di201016), Theresa Christina Brunner (di201018)<\/p>\n\n\n\n<h3 class=\"wp-block-heading\">1. Platz der Kategorie&nbsp;Soziale Arbeit<\/h3>\n\n\n\n<p><a href=\"https:\/\/projektevernissage.fhstp.ac.at\/B\/projekteinsicht\/?id=1501\" data-type=\"URL\" data-id=\"https:\/\/projektevernissage.fhstp.ac.at\/B\/projekteinsicht\/?id=1501\"><strong>Fachaustausch &#8222;Der Familienrat: Krisen gemeinsam l\u00f6sen!&#8220;<\/strong><\/a><\/p>\n\n\n\n<p>Projektmitglieder: Christoph Pengl (fmr223309)<\/p>\n\n\n\n<h3 class=\"wp-block-heading\">1. Platz der Kategorie Bachelor Medientechnik (BMT3) Webprojekte<\/h3>\n\n\n\n<p><a href=\"https:\/\/projektevernissage.fhstp.ac.at\/B\/projekteinsicht\/?id=1533\" data-type=\"URL\" data-id=\"https:\/\/projektevernissage.fhstp.ac.at\/B\/projekteinsicht\/?id=1533\"><strong>Shiatsu Dojo International<\/strong><\/a><\/p>\n\n\n\n<p>Projektmitglieder: Katrin Kanzian (mt211069), Flora Zotl\u00f6terer (mt211098)<\/p>\n\n\n\n<h3 class=\"wp-block-heading\">1. Platz der Kategorie Bachelor Medientechnik (BMT3) AV-Projekte<\/h3>\n\n\n\n<p><a href=\"https:\/\/projektevernissage.fhstp.ac.at\/B\/projekteinsicht\/?id=1472\" data-type=\"URL\" data-id=\"https:\/\/projektevernissage.fhstp.ac.at\/B\/projekteinsicht\/?id=1472\"><strong>Nattastoy &#8211; &#8222;Pocket&#8220; M\/V<\/strong><\/a><\/p>\n\n\n\n<p>Projektmitglieder: Sophie Winter (mt211027), Fabian Sch\u00f6nberger (mt211034), Sophie Hackl (mt211038), Valentin Steidl (mt211043), Paula Flora Fanta (mt211110)<\/p>\n\n\n\n<h3 class=\"wp-block-heading\">1. Platz der Kategorie Bahntechnologie<\/h3>\n\n\n\n<p><a href=\"https:\/\/projektevernissage.fhstp.ac.at\/B\/projekteinsicht\/?id=1454\" data-type=\"URL\" data-id=\"https:\/\/projektevernissage.fhstp.ac.at\/B\/projekteinsicht\/?id=1454\"><strong>Salzburg Airport Link<\/strong><\/a><\/p>\n\n\n\n<p>Projektmitglieder: David L\u00e4tsch (bm211804), Stefan Beck (bm211809), Christoph Innerhofer (bm211813), Florian Steiner (bm211817), Christoph Gusterer (bm211823), Johannes Fuchs (bm211825)<\/p>\n\n\n\n<h3 class=\"wp-block-heading\">1. Platz der Kategorie Master &amp; Projekt Interactiv<\/h3>\n\n\n\n<p>ex aequo:<\/p>\n\n\n\n<p><a href=\"https:\/\/projektevernissage.fhstp.ac.at\/B\/projekteinsicht\/?id=1517\" data-type=\"URL\" data-id=\"https:\/\/projektevernissage.fhstp.ac.at\/B\/projekteinsicht\/?id=1517\"><strong>Upcycle<\/strong><\/a><\/p>\n\n\n\n<p>Projektmitglieder: Andreas Babic (it221513)<\/p>\n\n\n\n<p><a href=\"https:\/\/projektevernissage.fhstp.ac.at\/B\/projekteinsicht\/?id=1457\" data-type=\"URL\" data-id=\"https:\/\/projektevernissage.fhstp.ac.at\/B\/projekteinsicht\/?id=1457\"><strong>Notes from the past<\/strong><\/a><\/p>\n\n\n\n<p>Projektmitglieder: Lukas Heinzl (mt201010), Sebastian Gr\u00fcn (mt201045), Dawid Lewandowski (mt201076), Michael Forthuber (mt201089), Cajetan Grill (mt201096)<\/p>\n\n\n\n<h3 class=\"wp-block-heading\">1. Platz der Kategorie Master &amp; A\/V Projekte<\/h3>\n\n\n\n<p><a href=\"https:\/\/projektevernissage.fhstp.ac.at\/B\/projekteinsicht\/?id=1532\" data-type=\"URL\" data-id=\"https:\/\/projektevernissage.fhstp.ac.at\/B\/projekteinsicht\/?id=1532\"><strong>F\u00f6rtr\u00e4ngd<\/strong><\/a><\/p>\n\n\n\n<p>Projektmitglieder: Elisa Breitenbrunner (mt201004), Mohamed Ahamed (mt201005), Mathias Maier (mt201078), Arno Enk (mt201104), Saman Bahrami Nejad (mt201107)<\/p>\n","protected":false},"excerpt":{"rendered":"<p>ProjektevernissageWinter 2023 Sieger*innenteams Am 17.01.2023 war es wieder so weit: Die 18. Projektevernissage fand mit 78 Aussteller*innenteams am Campus St. P\u00f6lten statt. Hier finden Sie die Siegerprojekte im \u00dcberblick: 1. Platz der Kategorie Gesundheit Gem\u00fcseAckerdemie Projektmitglieder: Julia Gastegger (di201011), Carmen Reichardt (di201012), Rebecca Mayer (di201016), Theresa Christina Brunner (di201018) 1. Platz der Kategorie&nbsp;Soziale Arbeit Fachaustausch [&hellip;]<\/p>\n","protected":false},"author":3,"featured_media":0,"parent":0,"menu_order":0,"comment_status":"closed","ping_status":"closed","template":"","meta":{"footnotes":""},"class_list":["post-1374","page","type-page","status-publish","hentry"],"_links":{"self":[{"href":"https:\/\/projektevernissage.ustp.at\/B\/wp-json\/wp\/v2\/pages\/1374","targetHints":{"allow":["GET"]}}],"collection":[{"href":"https:\/\/projektevernissage.ustp.at\/B\/wp-json\/wp\/v2\/pages"}],"about":[{"href":"https:\/\/projektevernissage.ustp.at\/B\/wp-json\/wp\/v2\/types\/page"}],"author":[{"embeddable":true,"href":"https:\/\/projektevernissage.ustp.at\/B\/wp-json\/wp\/v2\/users\/3"}],"replies":[{"embeddable":true,"href":"https:\/\/projektevernissage.ustp.at\/B\/wp-json\/wp\/v2\/comments?post=1374"}],"version-history":[{"count":6,"href":"https:\/\/projektevernissage.ustp.at\/B\/wp-json\/wp\/v2\/pages\/1374\/revisions"}],"predecessor-version":[{"id":1571,"href":"https:\/\/projektevernissage.ustp.at\/B\/wp-json\/wp\/v2\/pages\/1374\/revisions\/1571"}],"wp:attachment":[{"href":"https:\/\/projektevernissage.ustp.at\/B\/wp-json\/wp\/v2\/media?parent=1374"}],"curies":[{"name":"wp","href":"https:\/\/api.w.org\/{rel}","templated":true}]}}