{"id":159,"date":"2019-08-13T19:06:44","date_gmt":"2019-08-13T17:06:44","guid":{"rendered":"https:\/\/projektevernissage.fhstp.ac.at\/B\/?page_id=159"},"modified":"2019-08-13T19:11:02","modified_gmt":"2019-08-13T17:11:02","slug":"2019-rentify","status":"publish","type":"page","link":"https:\/\/projektevernissage.ustp.at\/B\/pv-plus-2019\/2019-rentify\/","title":{"rendered":"2019 Rentify"},"content":{"rendered":"\n<div class=\"blue-border-title\">\n<h1>Rentify\n<\/h1><\/div>\n\n\n\n\n<figure class=\"wp-block-image is-resized\"><img loading=\"lazy\" decoding=\"async\" src=\"https:\/\/projektevernissage.fhstp.ac.at\/B\/wp-content\/uploads\/2019\/08\/2018-12-09-16-35-49rentify-logo-281x300.jpg\" alt=\"\" class=\"wp-image-160\" width=\"141\" height=\"150\" srcset=\"https:\/\/projektevernissage.ustp.at\/B\/wp-content\/uploads\/2019\/08\/2018-12-09-16-35-49rentify-logo-281x300.jpg 281w, https:\/\/projektevernissage.ustp.at\/B\/wp-content\/uploads\/2019\/08\/2018-12-09-16-35-49rentify-logo-281x300-100x107.jpg 100w, https:\/\/projektevernissage.ustp.at\/B\/wp-content\/uploads\/2019\/08\/2018-12-09-16-35-49rentify-logo-281x300-275x294.jpg 275w\" sizes=\"auto, (max-width: 141px) 100vw, 141px\" \/><figcaption> \u00a9 Team Rentify <\/figcaption><\/figure>\n\n\n\n<p><strong>Die Plattform f\u00fcr das vermieten MITEINANDER<\/strong><\/p>\n\n\n\n<p>Rentify ist eine moderne Smartphone Applikation f\u00fcr Android und iOS Systeme, welche das Vermieten von Gegenst\u00e4nden untereinander erm\u00f6glichen soll. Wir greifen die Idee der Sharing Economy auf. Jeder User soll Gegenst\u00e4nde an andere User gegen Entgelt vermieten k\u00f6nnen. Andererseits soll sie Usern erm\u00f6glichen, sich kurzfristig Gegenst\u00e4nde g\u00fcnstig ausborgen zu k\u00f6nnen. Das Erstellen von Eintr\u00e4gen und durchst\u00f6bern des Angebots soll \u00e4hnlich wie bei Willhaben funktionieren, jedoch wird aus dem Kaufen ein Mieten! Um die Sicherheit der Gegenst\u00e4nde zu gew\u00e4hrleisten, wollen wir einen Versicherungsservice beim Vermietungsprozess anbieten. F\u00fcr jede Transaktion soll eine kleine Summe des Gesamtbetrags an die App flie\u00dfen. Neben dem nachhaltigen Konzept \u201eMieten statt Kaufen\u201c hat die App einen sozialen Faktor (Austausch der User untereinander) und einen \u00f6konomischen Aspekt in Form des Vermietungsprozesses.<\/p>\n\n\n\n<p><strong>Studiengang<\/strong>: Digitale Medientechnologien<br><strong>Lehrveranstaltung<\/strong>: SPMI-MO PA bmt16: Moblie Development<br><strong>Lehrbeauftragte(r)<\/strong>: Grischa Schmiedl<br><strong>Teamleader<\/strong>: Andreas Leh<br><strong>Projektmitglieder<\/strong>:<\/p>\n\n\n\n<ul class=\"wp-block-list\"><li>Fabian Heuber (mt161018)<\/li><li>Andreas Leh (mt161045)<\/li><li>Felix Lobinger (mt161048)<\/li><li>Nikola Palic (mt161060)<\/li><li>Monika Trajkovic (mt161084)<\/li><li>Florian Weinhappl (mt161090)<\/li><li>Thomas Hauser (mt161135)<\/li><li>Jennifer Haider (mt162002)<\/li><\/ul>\n\n\n\n<ul class=\"wp-block-gallery columns-2 is-cropped wp-block-gallery-1 is-layout-flex wp-block-gallery-is-layout-flex\"><li class=\"blocks-gallery-item\"><figure><a href=\"https:\/\/projektevernissage.fhstp.ac.at\/B\/wp-content\/uploads\/2019\/08\/Pitch_Rentify.jpg\"><img loading=\"lazy\" decoding=\"async\" width=\"750\" height=\"500\" src=\"https:\/\/projektevernissage.fhstp.ac.at\/B\/wp-content\/uploads\/2019\/08\/Pitch_Rentify.jpg\" alt=\"\" data-id=\"161\" data-link=\"https:\/\/projektevernissage.fhstp.ac.at\/B\/?attachment_id=161\" class=\"wp-image-161\" srcset=\"https:\/\/projektevernissage.ustp.at\/B\/wp-content\/uploads\/2019\/08\/Pitch_Rentify.jpg 750w, https:\/\/projektevernissage.ustp.at\/B\/wp-content\/uploads\/2019\/08\/Pitch_Rentify-300x200.jpg 300w, https:\/\/projektevernissage.ustp.at\/B\/wp-content\/uploads\/2019\/08\/Pitch_Rentify-700x467.jpg 700w, https:\/\/projektevernissage.ustp.at\/B\/wp-content\/uploads\/2019\/08\/Pitch_Rentify-410x273.jpg 410w, https:\/\/projektevernissage.ustp.at\/B\/wp-content\/uploads\/2019\/08\/Pitch_Rentify-100x67.jpg 100w, https:\/\/projektevernissage.ustp.at\/B\/wp-content\/uploads\/2019\/08\/Pitch_Rentify-275x183.jpg 275w\" sizes=\"auto, (max-width: 750px) 100vw, 750px\" \/><\/a><figcaption> \u00a9 FH St. P\u00f6lten | Felix Deschmann <\/figcaption><\/figure><\/li><li class=\"blocks-gallery-item\"><figure><a href=\"https:\/\/projektevernissage.fhstp.ac.at\/B\/wp-content\/uploads\/2019\/08\/Rentify.jpg\"><img loading=\"lazy\" decoding=\"async\" width=\"750\" height=\"500\" src=\"https:\/\/projektevernissage.fhstp.ac.at\/B\/wp-content\/uploads\/2019\/08\/Rentify.jpg\" alt=\"\" data-id=\"162\" data-link=\"https:\/\/projektevernissage.fhstp.ac.at\/B\/?attachment_id=162\" class=\"wp-image-162\" srcset=\"https:\/\/projektevernissage.ustp.at\/B\/wp-content\/uploads\/2019\/08\/Rentify.jpg 750w, https:\/\/projektevernissage.ustp.at\/B\/wp-content\/uploads\/2019\/08\/Rentify-300x200.jpg 300w, https:\/\/projektevernissage.ustp.at\/B\/wp-content\/uploads\/2019\/08\/Rentify-700x467.jpg 700w, https:\/\/projektevernissage.ustp.at\/B\/wp-content\/uploads\/2019\/08\/Rentify-410x273.jpg 410w, https:\/\/projektevernissage.ustp.at\/B\/wp-content\/uploads\/2019\/08\/Rentify-100x67.jpg 100w, https:\/\/projektevernissage.ustp.at\/B\/wp-content\/uploads\/2019\/08\/Rentify-275x183.jpg 275w\" sizes=\"auto, (max-width: 750px) 100vw, 750px\" \/><\/a><figcaption> \u00a9 FH St. P\u00f6lten | Felix Deschmann <\/figcaption><\/figure><\/li><\/ul>\n","protected":false},"excerpt":{"rendered":"<p>Rentify Die Plattform f\u00fcr das vermieten MITEINANDER Rentify ist eine moderne Smartphone Applikation f\u00fcr Android und iOS Systeme, welche das Vermieten von Gegenst\u00e4nden untereinander erm\u00f6glichen soll. Wir greifen die Idee der Sharing Economy auf. Jeder User soll Gegenst\u00e4nde an andere User gegen Entgelt vermieten k\u00f6nnen. Andererseits soll sie Usern erm\u00f6glichen, sich kurzfristig Gegenst\u00e4nde g\u00fcnstig ausborgen [&hellip;]<\/p>\n","protected":false},"author":1,"featured_media":0,"parent":147,"menu_order":0,"comment_status":"closed","ping_status":"closed","template":"page-templates\/page_fullwidth.php","meta":{"footnotes":""},"class_list":["post-159","page","type-page","status-publish","hentry"],"_links":{"self":[{"href":"https:\/\/projektevernissage.ustp.at\/B\/wp-json\/wp\/v2\/pages\/159","targetHints":{"allow":["GET"]}}],"collection":[{"href":"https:\/\/projektevernissage.ustp.at\/B\/wp-json\/wp\/v2\/pages"}],"about":[{"href":"https:\/\/projektevernissage.ustp.at\/B\/wp-json\/wp\/v2\/types\/page"}],"author":[{"embeddable":true,"href":"https:\/\/projektevernissage.ustp.at\/B\/wp-json\/wp\/v2\/users\/1"}],"replies":[{"embeddable":true,"href":"https:\/\/projektevernissage.ustp.at\/B\/wp-json\/wp\/v2\/comments?post=159"}],"version-history":[{"count":1,"href":"https:\/\/projektevernissage.ustp.at\/B\/wp-json\/wp\/v2\/pages\/159\/revisions"}],"predecessor-version":[{"id":163,"href":"https:\/\/projektevernissage.ustp.at\/B\/wp-json\/wp\/v2\/pages\/159\/revisions\/163"}],"up":[{"embeddable":true,"href":"https:\/\/projektevernissage.ustp.at\/B\/wp-json\/wp\/v2\/pages\/147"}],"wp:attachment":[{"href":"https:\/\/projektevernissage.ustp.at\/B\/wp-json\/wp\/v2\/media?parent=159"}],"curies":[{"name":"wp","href":"https:\/\/api.w.org\/{rel}","templated":true}]}}