{"id":1628,"date":"2023-06-14T07:51:18","date_gmt":"2023-06-14T05:51:18","guid":{"rendered":"https:\/\/projektevernissage.fhstp.ac.at\/B\/?page_id=1628"},"modified":"2023-06-14T08:06:17","modified_gmt":"2023-06-14T06:06:17","slug":"gewinnerinnen","status":"publish","type":"page","link":"https:\/\/projektevernissage.ustp.at\/B\/gewinnerinnen\/","title":{"rendered":"Sieger*innenteams 2023 Sommer"},"content":{"rendered":"\n<h1 class=\"wp-block-heading\">Projektevernissage<sup>Sommer <\/sup>2023<\/h1>\n\n\n\n<h2 class=\"wp-block-heading\">Gewinner*innen<\/h2>\n\n\n\n<p>Am 13.06.2023 war es wieder so weit: Die 19. Projektevernissage fand mit 28 Aussteller*innenteams am Campus St. P\u00f6lten statt. Hier finden Sie die Siegerprojekte im \u00dcberblick:<\/p>\n\n\n\n<h3 class=\"wp-block-heading\">1. Platz der Kategorie AV<\/h3>\n\n\n\n<p><a href=\"https:\/\/projektevernissage.fhstp.ac.at\/B\/projekteinsicht\/?id=1537\" data-type=\"URL\" data-id=\"https:\/\/projektevernissage.fhstp.ac.at\/B\/projekteinsicht\/?id=1537\"><strong>11:59 Kurzfilm<\/strong><\/a><\/p>\n\n\n\n<p><strong>Projektmitglieder:<\/strong> Anna Netouschek, Birgit Pultar, Teofil Grossschopf, Helene Weiss, Michael Schiller, Sema Alkassab, Paul Pontasch-M\u00fcller, Andr\u00e1s Woltron<\/p>\n\n\n\n<p><strong>Sponsor:<\/strong> Verein zur F\u00f6rderung der Fachhochschule St. P\u00f6lten<\/p>\n\n\n\n<h3 class=\"wp-block-heading\">1. Platz der Kategorie&nbsp;BSE Smart Manufactoring<\/h3>\n\n\n\n<p><a href=\"https:\/\/projektevernissage.fhstp.ac.at\/B\/projekteinsicht\/?id=1563\" data-type=\"URL\" data-id=\"https:\/\/projektevernissage.fhstp.ac.at\/B\/projekteinsicht\/?id=1563\"><strong>Konstruktive L\u00f6sung einer Zentrierung des Verpackungsprozesses der PSE200U<\/strong><\/a><\/p>\n\n\n\n<p><strong>Projektmitglieder:<\/strong> David Kier<\/p>\n\n\n\n<p><strong>Sponsor<\/strong>: Verein zur F\u00f6rderung der Fachhochschule St. P\u00f6lten<\/p>\n\n\n\n<h3 class=\"wp-block-heading\">1. Platz der Kategorie Interactive<\/h3>\n\n\n\n<p><strong><a href=\"https:\/\/projektevernissage.fhstp.ac.at\/B\/projekteinsicht\/?id=1544\" data-type=\"URL\" data-id=\"https:\/\/projektevernissage.fhstp.ac.at\/B\/projekteinsicht\/?id=1544\">Hard Knock Life<\/a><\/strong><\/p>\n\n\n\n<p><strong>Projektmitglieder:<\/strong> Angelika Franke, Ahmed Al-Durrah, Annika Limbach, Sophia Gruber, Alexander Azer, Barbara List<\/p>\n\n\n\n<p><strong>Sponsorin<\/strong>: Sparkasse N\u00d6 Mitte West<\/p>\n\n\n\n<h3 class=\"wp-block-heading\">1. Platz der Kategorie Strategic and interdisciplinary projects<\/h3>\n\n\n\n<p><strong><a href=\"https:\/\/projektevernissage.fhstp.ac.at\/B\/projekteinsicht\/?id=1557\" data-type=\"URL\" data-id=\"https:\/\/projektevernissage.fhstp.ac.at\/B\/projekteinsicht\/?id=1557\">Digi-Truck<\/a><\/strong><\/p>\n\n\n\n<p><strong>Projektmitglieder:<\/strong> Denis Bayer, Carla Agull\u00f3 Franqueza, Maria-Teresa Fernandez-Cotrina, Silke Scheerder, Mariia Serafimova, Enric Torras Ruiz<\/p>\n\n\n\n<p><strong>Sponsorin<\/strong>: Kammer f\u00fcr Arbeiter und Angestellte f\u00fcr Nieder\u00f6sterreich<\/p>\n\n\n\n<h3 class=\"wp-block-heading\">1. Platz der Kategorie BSE Smart Automation<\/h3>\n\n\n\n<p><strong><a href=\"https:\/\/projektevernissage.fhstp.ac.at\/B\/projekteinsicht\/?id=1559\" data-type=\"URL\" data-id=\"https:\/\/projektevernissage.fhstp.ac.at\/B\/projekteinsicht\/?id=1559\">Protokollsoftware<\/a><\/strong><\/p>\n\n\n\n<p><strong>Projektmitglieder<\/strong>: Elmar-Rene Risska<\/p>\n\n\n\n<p><strong>Sponsor:<\/strong> Verein zur F\u00f6rderung der Fachhochschule St. P\u00f6lten<\/p>\n\n\n\n<p><\/p>\n","protected":false},"excerpt":{"rendered":"<p>ProjektevernissageSommer 2023 Gewinner*innen Am 13.06.2023 war es wieder so weit: Die 19. Projektevernissage fand mit 28 Aussteller*innenteams am Campus St. P\u00f6lten statt. Hier finden Sie die Siegerprojekte im \u00dcberblick: 1. Platz der Kategorie AV 11:59 Kurzfilm Projektmitglieder: Anna Netouschek, Birgit Pultar, Teofil Grossschopf, Helene Weiss, Michael Schiller, Sema Alkassab, Paul Pontasch-M\u00fcller, Andr\u00e1s Woltron Sponsor: Verein [&hellip;]<\/p>\n","protected":false},"author":3,"featured_media":0,"parent":0,"menu_order":0,"comment_status":"closed","ping_status":"closed","template":"","meta":{"footnotes":""},"class_list":["post-1628","page","type-page","status-publish","hentry"],"_links":{"self":[{"href":"https:\/\/projektevernissage.ustp.at\/B\/wp-json\/wp\/v2\/pages\/1628","targetHints":{"allow":["GET"]}}],"collection":[{"href":"https:\/\/projektevernissage.ustp.at\/B\/wp-json\/wp\/v2\/pages"}],"about":[{"href":"https:\/\/projektevernissage.ustp.at\/B\/wp-json\/wp\/v2\/types\/page"}],"author":[{"embeddable":true,"href":"https:\/\/projektevernissage.ustp.at\/B\/wp-json\/wp\/v2\/users\/3"}],"replies":[{"embeddable":true,"href":"https:\/\/projektevernissage.ustp.at\/B\/wp-json\/wp\/v2\/comments?post=1628"}],"version-history":[{"count":4,"href":"https:\/\/projektevernissage.ustp.at\/B\/wp-json\/wp\/v2\/pages\/1628\/revisions"}],"predecessor-version":[{"id":1638,"href":"https:\/\/projektevernissage.ustp.at\/B\/wp-json\/wp\/v2\/pages\/1628\/revisions\/1638"}],"wp:attachment":[{"href":"https:\/\/projektevernissage.ustp.at\/B\/wp-json\/wp\/v2\/media?parent=1628"}],"curies":[{"name":"wp","href":"https:\/\/api.w.org\/{rel}","templated":true}]}}