{"id":1783,"date":"2024-01-18T14:06:28","date_gmt":"2024-01-18T13:06:28","guid":{"rendered":"https:\/\/projektevernissage.fhstp.ac.at\/B\/?page_id=1783"},"modified":"2024-01-19T07:50:20","modified_gmt":"2024-01-19T06:50:20","slug":"siegerinnenteams-2024-winter","status":"publish","type":"page","link":"https:\/\/projektevernissage.ustp.at\/B\/siegerinnenteams-2024-winter\/","title":{"rendered":"Sieger*innenteams 2024 Winter"},"content":{"rendered":"\n<h1 class=\"wp-block-heading\">Projektevernissage<sup>Winter <\/sup>2024<\/h1>\n\n\n\n<h2 class=\"wp-block-heading\">Sieger*innenteams<\/h2>\n\n\n\n<p>Am 16.01.2024 war es wieder so weit: Die 20. Projektevernissage fand mit 109+ Aussteller*innenteams am Campus St. P\u00f6lten statt. Hier finden Sie die Siegerprojekte im \u00dcberblick:<\/p>\n\n\n\n<h3 class=\"wp-block-heading\">1. Platz der Kategorie Gesundheit<\/h3>\n\n\n\n<p><strong><a href=\"https:\/\/projektevernissage.fhstp.ac.at\/B\/projekteinsicht\/?id=1609\">Balanc(N)iere dein Essen <\/a><\/strong><\/p>\n\n\n\n<p>Projektmitglieder: Theresa Lurger, Johanna Fuchs, Maarit Jedinger, Anja Schauppenlehner, Andrea H\u00f6hlm\u00fcller, Jacqueline Korvas, Lisa Daurer\n<h3>1. Platz der Kategorie Physiotherapie<\/h3><\/p>\n\n\n\n<p><a href=\"https:\/\/projektevernissage.fhstp.ac.at\/B\/projekteinsicht\/?id=1584\"><strong>Kleine Spr\u00fcnge &#8211; Gro\u00dfe Wirkung! Aktiv Knochen st\u00e4rken<\/strong><\/a><\/p>\n\n\n\n<p>Projektmitglieder:&nbsp;Jakob Berndl, Christian Aigner, Daniel Aichberger, Simon Biehl, Michael Bieder, Elisabeth Daffert<\/p>\n\n\n\n<h3 class=\"wp-block-heading\">1. Platz der Kategorie&nbsp;Soziale Arbeit<\/h3>\n\n\n\n<p><a href=\"https:\/\/projektevernissage.fhstp.ac.at\/B\/projekteinsicht\/?id=1615\" data-type=\"URL\" data-id=\"https:\/\/projektevernissage.fhstp.ac.at\/B\/projekteinsicht\/?id=1501\"><strong>Queer-inklusive Sozialarbeit <\/strong><\/a><\/p>\n\n\n\n<p>Projektmitglieder: Sarah Strohmer, Julia Schagerl, Lena Gierlinger, Selina Gnadenberger, Carina Pfl\u00fcgl, Klara Holzinger, Moritz Schiefer, Valerie B\u00e4r, Kathrin R\u00f6\u00dfl<\/p>\n\n\n\n<h3 class=\"wp-block-heading\">1. Platz der Kategorie Sozialp\u00e4dagogik<\/h3>\n\n\n\n<p><a href=\"https:\/\/projektevernissage.fhstp.ac.at\/B\/projekteinsicht\/?id=1595\"><strong>Mentoring: \u201ebenachteiligte\u201c Jugendliche als Mentees im \u00dcbergang Schule und Beruf<\/strong><\/a><\/p>\n\n\n\n<p>Projektmitglieder: Katharina Stangl, Nicole Toetzl\n<h3>1. Platz der Kategorie Bachelor Medientechnik (BMT3) Webprojekte<\/h3><\/p>\n\n\n\n<p><a href=\"https:\/\/projektevernissage.fhstp.ac.at\/B\/projekteinsicht\/?id=1620\" data-type=\"URL\" data-id=\"https:\/\/projektevernissage.fhstp.ac.at\/B\/projekteinsicht\/?id=1533\"><strong>Malermeister FS <\/strong><\/a><\/p>\n\n\n\n<p>Projektmitglieder: Patrick Olah, David Tirnanic<\/p>\n\n\n\n<h3 class=\"wp-block-heading\">1. Platz der Kategorie Bachelor Medientechnik (BMT3) AV-Projekte<\/h3>\n\n\n\n<p><strong><a href=\"https:\/\/projektevernissage.fhstp.ac.at\/B\/projekteinsicht\/?id=1623\">Schallplattenproduktion Dr.Dub <\/a><\/strong><\/p>\n\n\n\n<p>Projektmitglieder: Ylva Hintersteiner, Anna Zeiler, Paul Weber, Michael Gansberger, Loris Riz<\/p>\n\n\n\n<h3 class=\"wp-block-heading\">1. Platz der Kategorie Bahntechnologie<\/h3>\n\n\n\n<p><a href=\"https:\/\/projektevernissage.fhstp.ac.at\/B\/projekteinsicht\/?id=1576\" data-type=\"URL\" data-id=\"https:\/\/projektevernissage.fhstp.ac.at\/B\/projekteinsicht\/?id=1454\"><strong>Koralmlink <\/strong><\/a><\/p>\n\n\n\n<p>Projektmitglieder: Martin Pircher, Philipp Lassnig, Jonas Gaiswinkler, Jarik Schuster, Simon Wagner, Martin Kraler<\/p>\n\n\n\n<h3 class=\"wp-block-heading\">1. Platz der Kategorie Interactive Lab<\/h3>\n\n\n\n<p><\/p>\n\n\n\n<p><a href=\"https:\/\/projektevernissage.fhstp.ac.at\/B\/projekteinsicht\/?id=1679\"><strong>FireWorks Inc. <\/strong><\/a><\/p>\n\n\n\n<p>Projektmitglieder: Nico H\u00f6ltl, Veronica Sturath, Niklas K\u00fcffer, Sebastian Steyrer, Sascha Bieringer, Maximilian Wiesmayr\n<h3>1. Platz der Kategorie Media Master<\/h3><\/p>\n\n\n\n<p><strong><a href=\"https:\/\/projektevernissage.fhstp.ac.at\/B\/projekteinsicht\/?id=1600\">November the 1<sup>st<\/sup> (Official Music Video) <\/a><\/strong><\/p>\n\n\n\n<p>Projektmitglieder: Jonas Hofbauer, Oliver Hasenzagl<\/p>\n\n\n\n<p><h3>1. Platz der Kategorie Master &amp; A\/V &amp; Content Lab<\/h3><\/p>\n\n\n\n<p><strong><a href=\"https:\/\/projektevernissage.fhstp.ac.at\/B\/projekteinsicht\/?id=1650\">Letze Reihe Mitte <\/a><\/strong><\/p>\n\n\n\n<p>Projektmitglieder: Sarah Lackner, Paul Schleimer, Andrea Bindreiter, Christoph Buchinger, Judith Knell, Laura Akermann, Lilli Lanske, Lucie Debnam, Paul Lutz<\/p>\n","protected":false},"excerpt":{"rendered":"<p>ProjektevernissageWinter 2024 Sieger*innenteams Am 16.01.2024 war es wieder so weit: Die 20. Projektevernissage fand mit 109+ Aussteller*innenteams am Campus St. P\u00f6lten statt. Hier finden Sie die Siegerprojekte im \u00dcberblick: 1. Platz der Kategorie Gesundheit Balanc(N)iere dein Essen Projektmitglieder: Theresa Lurger, Johanna Fuchs, Maarit Jedinger, Anja Schauppenlehner, Andrea H\u00f6hlm\u00fcller, Jacqueline Korvas, Lisa Daurer 1. Platz der [&hellip;]<\/p>\n","protected":false},"author":3,"featured_media":0,"parent":0,"menu_order":0,"comment_status":"closed","ping_status":"closed","template":"","meta":{"footnotes":""},"class_list":["post-1783","page","type-page","status-publish","hentry"],"_links":{"self":[{"href":"https:\/\/projektevernissage.ustp.at\/B\/wp-json\/wp\/v2\/pages\/1783","targetHints":{"allow":["GET"]}}],"collection":[{"href":"https:\/\/projektevernissage.ustp.at\/B\/wp-json\/wp\/v2\/pages"}],"about":[{"href":"https:\/\/projektevernissage.ustp.at\/B\/wp-json\/wp\/v2\/types\/page"}],"author":[{"embeddable":true,"href":"https:\/\/projektevernissage.ustp.at\/B\/wp-json\/wp\/v2\/users\/3"}],"replies":[{"embeddable":true,"href":"https:\/\/projektevernissage.ustp.at\/B\/wp-json\/wp\/v2\/comments?post=1783"}],"version-history":[{"count":5,"href":"https:\/\/projektevernissage.ustp.at\/B\/wp-json\/wp\/v2\/pages\/1783\/revisions"}],"predecessor-version":[{"id":2186,"href":"https:\/\/projektevernissage.ustp.at\/B\/wp-json\/wp\/v2\/pages\/1783\/revisions\/2186"}],"wp:attachment":[{"href":"https:\/\/projektevernissage.ustp.at\/B\/wp-json\/wp\/v2\/media?parent=1783"}],"curies":[{"name":"wp","href":"https:\/\/api.w.org\/{rel}","templated":true}]}}