{"id":1964,"date":"2024-06-18T09:55:47","date_gmt":"2024-06-18T07:55:47","guid":{"rendered":"https:\/\/projektevernissage.fhstp.ac.at\/B\/?page_id=1964"},"modified":"2024-06-18T11:29:40","modified_gmt":"2024-06-18T09:29:40","slug":"siegerinnenteams-2024-sommer","status":"publish","type":"page","link":"https:\/\/projektevernissage.ustp.at\/B\/siegerinnenteams-2024-sommer\/","title":{"rendered":"Sieger*innenteams 2024 Sommer"},"content":{"rendered":"<h1 class=\"wp-block-heading\">Projektevernissage<sup>Sommer <\/sup>2024<\/h1>\n<h2 class=\"wp-block-heading\">Sieger*innenteams<\/h2>\n<p>Am 11.06.2024 war es wieder so weit: Die 21. Projektevernissage fand mit 30 Aussteller*innenteams am Campus St. P\u00f6lten statt. Hier finden Sie die Siegerprojekte im \u00dcberblick:<\/p>\n\n\n<h2 class=\"wp-block-heading\">1. Platz Kategorie Concepts &amp; Prototypes<\/h2>\n\n\n\n<p><strong><a href=\"https:\/\/projektevernissage.fhstp.ac.at\/B\/projekteinsicht\/?id=1702\">Green and smart production and distribution of food<\/a><\/strong><\/p>\n\n\n\n<p>Projektmitglieder: Team: Arnau Roca Grang\u00e9, Nerea Galv\u00e1n Rodr\u00edguez, Thomas Riviere, Theo Pellat, Alina-Mihaela Teca, Alicia Carpio-Ortega<\/p>\n\n\n\n<p><\/p>\n\n\n\n<p><\/p>\n\n\n\n<h2 class=\"wp-block-heading\">1. Platz Kategorie Creative Computing<\/h2>\n\n\n\n<p><strong><a href=\"https:\/\/projektevernissage.fhstp.ac.at\/B\/projekteinsicht\/?id=1686\">comixcraft<\/a><\/strong><\/p>\n\n\n\n<p>Projektmitglieder: Florent Gabillon, Anna Blasinger, Vanessa K\u00f6ck, Juliana Matsumura, Hannah Wagner, Alica Holl\u00e1, Antoine Muneret<\/p>\n\n\n\n<p><\/p>\n\n\n\n<p><\/p>\n\n\n\n<h2 class=\"wp-block-heading\">1. Platz Kategorie Media Production<\/h2>\n\n\n\n<p><strong><a href=\"https:\/\/projektevernissage.fhstp.ac.at\/B\/projekteinsicht\/?id=1700\">Studioaufnahme Musicalorchester | MARIENS\u00c4ULE<\/a><\/strong><\/p>\n\n\n\n<p>Projektmitglieder: Pascal Bruckner, Christoph Schacherl, Sebastian Heiden<\/p>\n\n\n\n<p><\/p>\n\n\n\n<p><\/p>\n\n\n\n<h2 class=\"wp-block-heading\">1. Platz Kategorie Smart Automation<\/h2>\n\n\n\n<p><strong><a href=\"https:\/\/projektevernissage.fhstp.ac.at\/B\/projekteinsicht\/?id=1695\">Programmierung &amp; Vorschubumbau der PREFA &#8222;DR29-Dachrautenfertigung&#8220;<\/a><\/strong><\/p>\n\n\n\n<p>Projektmitglieder: Dominik Steurer<\/p>\n\n\n\n<p><\/p>\n\n\n\n<p><\/p>\n\n\n\n<h2 class=\"wp-block-heading\">1. Platz Kategorie Smart Manufacturing<\/h2>\n\n\n\n<p><strong><a href=\"https:\/\/projektevernissage.fhstp.ac.at\/B\/projekteinsicht\/?id=1697\">Ramp-Up einer neuen Relaisgeneration<\/a><\/strong><\/p>\n\n\n\n<p>Projektmitglieder: Laila Gruber<\/p>\n","protected":false},"excerpt":{"rendered":"<p>ProjektevernissageSommer 2024 Sieger*innenteams Am 11.06.2024 war es wieder so weit: Die 21. Projektevernissage fand mit 30 Aussteller*innenteams am Campus St. P\u00f6lten statt. Hier finden Sie die Siegerprojekte im \u00dcberblick: 1. Platz Kategorie Concepts &amp; Prototypes Green and smart production and distribution of food Projektmitglieder: Team: Arnau Roca Grang\u00e9, Nerea Galv\u00e1n Rodr\u00edguez, Thomas Riviere, Theo Pellat, [&hellip;]<\/p>\n","protected":false},"author":3,"featured_media":0,"parent":0,"menu_order":0,"comment_status":"closed","ping_status":"closed","template":"","meta":{"footnotes":""},"class_list":["post-1964","page","type-page","status-publish","hentry"],"_links":{"self":[{"href":"https:\/\/projektevernissage.ustp.at\/B\/wp-json\/wp\/v2\/pages\/1964","targetHints":{"allow":["GET"]}}],"collection":[{"href":"https:\/\/projektevernissage.ustp.at\/B\/wp-json\/wp\/v2\/pages"}],"about":[{"href":"https:\/\/projektevernissage.ustp.at\/B\/wp-json\/wp\/v2\/types\/page"}],"author":[{"embeddable":true,"href":"https:\/\/projektevernissage.ustp.at\/B\/wp-json\/wp\/v2\/users\/3"}],"replies":[{"embeddable":true,"href":"https:\/\/projektevernissage.ustp.at\/B\/wp-json\/wp\/v2\/comments?post=1964"}],"version-history":[{"count":5,"href":"https:\/\/projektevernissage.ustp.at\/B\/wp-json\/wp\/v2\/pages\/1964\/revisions"}],"predecessor-version":[{"id":1983,"href":"https:\/\/projektevernissage.ustp.at\/B\/wp-json\/wp\/v2\/pages\/1964\/revisions\/1983"}],"wp:attachment":[{"href":"https:\/\/projektevernissage.ustp.at\/B\/wp-json\/wp\/v2\/media?parent=1964"}],"curies":[{"name":"wp","href":"https:\/\/api.w.org\/{rel}","templated":true}]}}