{"id":2,"date":"2019-07-31T21:52:26","date_gmt":"2019-07-31T19:52:26","guid":{"rendered":"https:\/\/projektevernissage.fhstp.ac.at\/B\/?page_id=2"},"modified":"2019-08-08T15:12:37","modified_gmt":"2019-08-08T13:12:37","slug":"2019-bubu-buch-gegen-buch","status":"publish","type":"page","link":"https:\/\/projektevernissage.ustp.at\/B\/siegerinnenteams-2019\/2019-bubu-buch-gegen-buch\/","title":{"rendered":"2019 BuBu \u2013 Buch gegen Buch"},"content":{"rendered":"\n<div class=\"blue-border-title\">\n<span>1. Platz in der Kategorie Radio, Online<\/span>\n<h1>BuBu \u2013 Buch gegen Buch\n<\/h1><\/div>\n\n\n\n\n<p><strong>Unsere Produktidee ist die Buch-Tausch-Plattform, genannt BuBu (Buch gegen Buch) wo B\u00fccher angeboten und getauscht werden.<\/strong><\/p>\n\n\n\n<p>Unsere Produktidee ist die Buch-Tausch-Plattform, genannt BuBu (Buch gegen Buch), wo B\u00fccher angeboten und getauscht werden k\u00f6nnen. Da sehr viele Menschen B\u00fccher zu Hause haben und diese nicht mehr lesen, ist unsere Buchtauschplattform die perfekte L\u00f6sung. Denn unsere User\/innen k\u00f6nnen nicht nur ihre B\u00fccher gegen andere tauschen, sie bekommen zu jedem neu bestellten Buch ein kleines Geschenk mitgeschickt und das nat\u00fcrlich gratis. Aber wichtig ist doch: Wie unterscheiden wir uns von der Konkurrenz? Unsere Kunden zahlen nur den Versand zu unserem Hauptsitz, es m\u00fcssen keine Punkte gesammelt oder B\u00fccher raufgestellt werden, um ein anderes zu bekommen. Ein weiterer USP ist, dass auf der Plattform verschiedene B\u00fccher getauscht werden k\u00f6nnen, sei es Literatur f\u00fcrs Studium, Romane oder Geschichten und Gedichte von unentdeckten Autoren. Haben Sie noch ein Buch Zuhause, das Sie nicht mehr brauchen?<\/p>\n\n\n\n<p><strong>Studiengang<\/strong>: Medienmanagement<br><strong>Lehrveranstaltung<\/strong>: Praxislabor Medien III \u2013 Medienmanagement und journalistische Arbeitsweisen<br><strong>Lehrbeauftragte(r)<\/strong>: Peter Hofbauer<br><strong>Teamleader<\/strong>: Theresa Stiefelbauer<br><strong>Projektmitglieder<\/strong>:<\/p>\n\n\n\n<ul class=\"wp-block-list\"><li>Bernadette Pachschwoell (mm161059)<\/li><li>Theresa Stiefelbauer (mm161072)<\/li><li>Katharina Wutzl (mm161098)<\/li><\/ul>\n\n\n\n<ul class=\"wp-block-gallery columns-2 is-cropped wp-block-gallery-1 is-layout-flex wp-block-gallery-is-layout-flex\"><li class=\"blocks-gallery-item\"><figure><a href=\"https:\/\/projektevernissage.fhstp.ac.at\/B\/wp-content\/uploads\/2019\/08\/Radio_Online-1.jpg\"><img loading=\"lazy\" decoding=\"async\" width=\"750\" height=\"500\" src=\"https:\/\/projektevernissage.fhstp.ac.at\/B\/wp-content\/uploads\/2019\/08\/Radio_Online-1.jpg\" alt=\"\" data-id=\"126\" data-link=\"https:\/\/projektevernissage.fhstp.ac.at\/B\/?attachment_id=126\" class=\"wp-image-126\" srcset=\"https:\/\/projektevernissage.ustp.at\/B\/wp-content\/uploads\/2019\/08\/Radio_Online-1.jpg 750w, https:\/\/projektevernissage.ustp.at\/B\/wp-content\/uploads\/2019\/08\/Radio_Online-1-300x200.jpg 300w, https:\/\/projektevernissage.ustp.at\/B\/wp-content\/uploads\/2019\/08\/Radio_Online-1-700x467.jpg 700w, https:\/\/projektevernissage.ustp.at\/B\/wp-content\/uploads\/2019\/08\/Radio_Online-1-410x273.jpg 410w, https:\/\/projektevernissage.ustp.at\/B\/wp-content\/uploads\/2019\/08\/Radio_Online-1-100x67.jpg 100w, https:\/\/projektevernissage.ustp.at\/B\/wp-content\/uploads\/2019\/08\/Radio_Online-1-275x183.jpg 275w\" sizes=\"auto, (max-width: 750px) 100vw, 750px\" \/><\/a><figcaption> \u00a9 FH St. P\u00f6lten | Felix Deschmann<br><\/figcaption><\/figure><\/li><li class=\"blocks-gallery-item\"><figure><a href=\"https:\/\/projektevernissage.fhstp.ac.at\/B\/wp-content\/uploads\/2019\/08\/Stand_12_Radio_Online.jpg\"><img loading=\"lazy\" decoding=\"async\" width=\"750\" height=\"500\" src=\"https:\/\/projektevernissage.fhstp.ac.at\/B\/wp-content\/uploads\/2019\/08\/Stand_12_Radio_Online.jpg\" alt=\"\" data-id=\"127\" data-link=\"https:\/\/projektevernissage.fhstp.ac.at\/B\/?attachment_id=127\" class=\"wp-image-127\" srcset=\"https:\/\/projektevernissage.ustp.at\/B\/wp-content\/uploads\/2019\/08\/Stand_12_Radio_Online.jpg 750w, https:\/\/projektevernissage.ustp.at\/B\/wp-content\/uploads\/2019\/08\/Stand_12_Radio_Online-300x200.jpg 300w, https:\/\/projektevernissage.ustp.at\/B\/wp-content\/uploads\/2019\/08\/Stand_12_Radio_Online-700x467.jpg 700w, https:\/\/projektevernissage.ustp.at\/B\/wp-content\/uploads\/2019\/08\/Stand_12_Radio_Online-410x273.jpg 410w, https:\/\/projektevernissage.ustp.at\/B\/wp-content\/uploads\/2019\/08\/Stand_12_Radio_Online-100x67.jpg 100w, https:\/\/projektevernissage.ustp.at\/B\/wp-content\/uploads\/2019\/08\/Stand_12_Radio_Online-275x183.jpg 275w\" sizes=\"auto, (max-width: 750px) 100vw, 750px\" \/><\/a><figcaption> \u00a9 FH St. P\u00f6lten | Felix Deschmann<br><\/figcaption><\/figure><\/li><\/ul>\n","protected":false},"excerpt":{"rendered":"<p>1. Platz in der Kategorie Radio, Online BuBu \u2013 Buch gegen Buch Unsere Produktidee ist die Buch-Tausch-Plattform, genannt BuBu (Buch gegen Buch) wo B\u00fccher angeboten und getauscht werden. Unsere Produktidee ist die Buch-Tausch-Plattform, genannt BuBu (Buch gegen Buch), wo B\u00fccher angeboten und getauscht werden k\u00f6nnen. Da sehr viele Menschen B\u00fccher zu Hause haben und diese [&hellip;]<\/p>\n","protected":false},"author":1,"featured_media":0,"parent":60,"menu_order":0,"comment_status":"closed","ping_status":"closed","template":"page-templates\/page_fullwidth.php","meta":{"footnotes":""},"class_list":["post-2","page","type-page","status-publish","hentry"],"_links":{"self":[{"href":"https:\/\/projektevernissage.ustp.at\/B\/wp-json\/wp\/v2\/pages\/2","targetHints":{"allow":["GET"]}}],"collection":[{"href":"https:\/\/projektevernissage.ustp.at\/B\/wp-json\/wp\/v2\/pages"}],"about":[{"href":"https:\/\/projektevernissage.ustp.at\/B\/wp-json\/wp\/v2\/types\/page"}],"author":[{"embeddable":true,"href":"https:\/\/projektevernissage.ustp.at\/B\/wp-json\/wp\/v2\/users\/1"}],"replies":[{"embeddable":true,"href":"https:\/\/projektevernissage.ustp.at\/B\/wp-json\/wp\/v2\/comments?post=2"}],"version-history":[{"count":2,"href":"https:\/\/projektevernissage.ustp.at\/B\/wp-json\/wp\/v2\/pages\/2\/revisions"}],"predecessor-version":[{"id":128,"href":"https:\/\/projektevernissage.ustp.at\/B\/wp-json\/wp\/v2\/pages\/2\/revisions\/128"}],"up":[{"embeddable":true,"href":"https:\/\/projektevernissage.ustp.at\/B\/wp-json\/wp\/v2\/pages\/60"}],"wp:attachment":[{"href":"https:\/\/projektevernissage.ustp.at\/B\/wp-json\/wp\/v2\/media?parent=2"}],"curies":[{"name":"wp","href":"https:\/\/api.w.org\/{rel}","templated":true}]}}