{"id":42,"date":"2019-08-01T15:48:48","date_gmt":"2019-08-01T13:48:48","guid":{"rendered":"https:\/\/projektevernissage.fhstp.ac.at\/B\/?page_id=42"},"modified":"2025-11-04T08:37:27","modified_gmt":"2025-11-04T07:37:27","slug":"idee","status":"publish","type":"page","link":"https:\/\/projektevernissage.ustp.at\/B\/idee\/","title":{"rendered":"Idee"},"content":{"rendered":"\n<div class=\"blue-border-title\"><h1> Die Grundidee <\/h1><\/div>\n\n\n\n<p>Eine Projektevernissage ist ein Instrument des Projektmanagements. Ziel ist es, Projektideen nicht nur dem eigenen Studiengang zu pr\u00e4sentieren, sondern diese auch mit einem breiten Personenkreis zu diskutieren.<\/p>\n\n\n\n<h2 class=\"wp-block-heading\">Die Projektevernissage an der USTP &#8211; University of Applied Sciences St. P\u00f6lten<\/h2>\n\n\n\n<p>Die Projektevernissage pr\u00e4sentiert Projekte von Studierenden der USTP &#8211; University of Applied Sciences St. P\u00f6lten und bringt somit die unterschiedlichsten Arbeiten, die im Rahmen des Studiums entwickelt werden, an eine breite \u00d6ffentlichkeit. Das Besondere der Vernissage: Es werden Projekte aus allen Studieng\u00e4ngen pr\u00e4sentiert. Damit bietet die Ausstellung eine interdisziplin\u00e4re Plattform f\u00fcr Ideenfindung und -austausch. Die Vernissage soll Studierenden und Lehrbeauftragten die M\u00f6glichkeit bieten, Projektideen \u2013 und damit nicht zuletzt auch Produktideen \u2013 untereinander zu begutachten. Dadurch wird auch au\u00dferhalb der Projektgruppen ein reger Erfahrungs-, Interessens- und Lehraustausch praktiziert.<\/p>\n\n\n\n<h2 class=\"wp-block-heading\">Ziel: Projektmarketing<\/h2>\n\n\n\n<p>Bei der Pr\u00e4sentation der Unterrichtsprojekte stehen nicht nur die Ergebnisse im Vordergrund, sondern vor allem auch die Prozesse der Projektentstehung, Ideenfindung, Entwicklung und eventuell auch Realisierung. Schon bei den letzten Projektevernissagen konnten die Studierenden mit ihren Ideen und Fachwissen begeistern und einen bleibenden Eindruck bei den Besuchern hinterlassen. Auch bei der kommenden Projektevernissage werden wieder tolle Projektvorstellungen erwartet.<\/p>\n\n\n\n<h2 class=\"wp-block-heading\">Dialog zwischen Wissenschaft und Wirtschaft<\/h2>\n\n\n\n<p>Die Projektevernissage kann auch Anlass sein, um \u00fcber zuk\u00fcnftige gemeinsame Projekte mit Firmen und Unternehmen nachzudenken. Wirtschaftstreibende bekommen hier einen Einblick in die Arbeit der Studierenden und k\u00f6nnen durchaus zu einer fruchtbaren Zusammenarbeit angeregt werden.<\/p>\n\n\n\n<h2 class=\"wp-block-heading\">Ziele auf einen Blick:<\/h2>\n\n\n\n<ul class=\"wp-block-list\">\n<li>Durch interessante Projekte und reizvolle Sponsoringpreise sollen Studierende, Lehrbeauftragte und Fachpublikum zur Teilnahme bewegt werden.<\/li>\n\n\n\n<li>Keine USTP interne Veranstaltung, sondern Medienpr\u00e4senz und geladene G\u00e4ste stehen im Vordergrund. Es soll Aufsehen unter den Besuchern erregt und weiterf\u00fchrend Imageverbesserung erreicht werden.<\/li>\n\n\n\n<li>Fachbereich-\u00fcbergreifende Arbeit pr\u00e4sentieren, um als gutes Beispiel f\u00fcr die Zukunft voran zu gehen. (z.B. Webdesign &amp; Usability in Zusammenarbeit mit der Projektgruppe aus dem Studiengang Medienmanagement).<\/li>\n\n\n\n<li>Die Projektevernissage soll als Start f\u00fcr weiterf\u00fchrende Kooperationen zwischen Wirtschaftstreibenden und Studierenden dienen.<\/li>\n<\/ul>\n","protected":false},"excerpt":{"rendered":"<p>Die Grundidee Eine Projektevernissage ist ein Instrument des Projektmanagements. Ziel ist es, Projektideen nicht nur dem eigenen Studiengang zu pr\u00e4sentieren, sondern diese auch mit einem breiten Personenkreis zu diskutieren. Die Projektevernissage an der USTP &#8211; University of Applied Sciences St. P\u00f6lten Die Projektevernissage pr\u00e4sentiert Projekte von Studierenden der USTP &#8211; University of Applied Sciences St. [&hellip;]<\/p>\n","protected":false},"author":1,"featured_media":0,"parent":0,"menu_order":0,"comment_status":"closed","ping_status":"closed","template":"page-templates\/page_fullwidth.php","meta":{"footnotes":""},"class_list":["post-42","page","type-page","status-publish","hentry"],"_links":{"self":[{"href":"https:\/\/projektevernissage.ustp.at\/B\/wp-json\/wp\/v2\/pages\/42","targetHints":{"allow":["GET"]}}],"collection":[{"href":"https:\/\/projektevernissage.ustp.at\/B\/wp-json\/wp\/v2\/pages"}],"about":[{"href":"https:\/\/projektevernissage.ustp.at\/B\/wp-json\/wp\/v2\/types\/page"}],"author":[{"embeddable":true,"href":"https:\/\/projektevernissage.ustp.at\/B\/wp-json\/wp\/v2\/users\/1"}],"replies":[{"embeddable":true,"href":"https:\/\/projektevernissage.ustp.at\/B\/wp-json\/wp\/v2\/comments?post=42"}],"version-history":[{"count":5,"href":"https:\/\/projektevernissage.ustp.at\/B\/wp-json\/wp\/v2\/pages\/42\/revisions"}],"predecessor-version":[{"id":2367,"href":"https:\/\/projektevernissage.ustp.at\/B\/wp-json\/wp\/v2\/pages\/42\/revisions\/2367"}],"wp:attachment":[{"href":"https:\/\/projektevernissage.ustp.at\/B\/wp-json\/wp\/v2\/media?parent=42"}],"curies":[{"name":"wp","href":"https:\/\/api.w.org\/{rel}","templated":true}]}}