{"id":523,"date":"2019-10-31T10:16:08","date_gmt":"2019-10-31T09:16:08","guid":{"rendered":"https:\/\/projektevernissage.fhstp.ac.at\/B\/?page_id=523"},"modified":"2025-11-04T08:30:08","modified_gmt":"2025-11-04T07:30:08","slug":"datenschutz","status":"publish","type":"page","link":"https:\/\/projektevernissage.ustp.at\/B\/datenschutz\/","title":{"rendered":"Datenschutz"},"content":{"rendered":"\n<h2 class=\"wp-block-heading blue-border-title\"> \nDatenschutz\n<\/h2>\n\n\n\n<p><strong>Datenschutzrechtliche Verantwortliche:<\/strong><br><strong>Hochschule f\u00fcr Angewandte Wissenschaften St. P\u00f6lten GmbH<\/strong> <br>Campus-Platz 1<br>3100 St. P\u00f6lten\u00a0<br><a href=\"mailto:datenschutz@ustp.at\">datenschutz@ustp.at<\/a><\/p>\n\n\n\n<p><strong>Datenschutzbeauftragte\/r der <strong>Hochschule f\u00fcr Angewandte Wissenschaften St. P\u00f6lten GmbH<\/strong>:<br><\/strong>Urbanek Lind Schmid Reisch Rechtsanw\u00e4lte OG<br>Domgasse 2<br>3100 St. P\u00f6lten\u00a0<br><a href=\"mailto:office.st.poelten@ulsr.at\">office.st.poelten@ulsr.at<\/a><\/p>\n\n\n\n<h2 class=\"wp-block-heading\">Nutzung der Website<\/h2>\n\n\n\n<p>Schon bei jedem Besuch und jeder Nutzung unserer Homepage speichern wir folgende Daten:<\/p>\n\n\n\n<ul class=\"wp-block-list\">\n<li>IP-Adresse<\/li>\n\n\n\n<li>Datum und Uhrzeit der Anfrage<\/li>\n\n\n\n<li>angesteuerte Unterseite auf unserer Webseite<\/li>\n\n\n\n<li>Art und Version des Browsers<\/li>\n\n\n\n<li>Benutztes Endger\u00e4t<\/li>\n\n\n\n<li>Betriebssystem<\/li>\n\n\n\n<li>Referrer URL<\/li>\n<\/ul>\n\n\n\n<p>Zweck dieser Datenverarbeitung ist die Aufrechterhaltung unseres Webauftritts, insbesondere eine schnellere Fehlerlokalisierung und -behebung sowie die \u00dcberwachung der Auslastung und gegebenenfalls Vornahme von Anpassungen oder Verbesserungen. Sofern \u00fcberhaupt ein Personenbezug gegeben ist, stellen die zu gew\u00e4hrende Datensicherheit und das Aufrechterhalten der Online-Darstellung unsere berechtigten Interessen iSd Art 6 Abs 1 lit f DS-GVO und damit die Rechtsgrundlage dar. Die Daten (mit Ausnahme der IP-Adresse) werden nur f\u00fcr eine begrenzte Dauer gespeichert und ein Personenbezug ist aus diesen Daten nicht herstellbar ist, weil die zugeh\u00f6rige IP-Adresse gel\u00f6scht oder zumindest anonymisiert wird. Die IP-Adresse Ihres Computers wird ebenfalls nur f\u00fcr die Zeit Ihrer Nutzung der Website gespeichert und im Anschluss daran gel\u00f6scht oder durch K\u00fcrzung anonymisiert. Lediglich im Falle von Hacking Angriffen oder \u00e4hnliches, kann eine l\u00e4ngere Speicherung notwendig sein, um die Funktionsf\u00e4higkeit und die Sicherheit unseres Webauftritts zu gew\u00e4hrleisten. Eine \u00dcbermittlung Ihrer Daten an Dritte findet nicht statt.<\/p>\n\n\n\n<h2 class=\"wp-block-heading\">Facebook Fanpage<\/h2>\n\n\n\n<p>Wir betreiben unter\u00a0<a href=\"https:\/\/www.facebook.com\/ustp\" target=\"_blank\" rel=\"noreferrer noopener\">www.facebook.com\/ustp<\/a>\u00a0eine Fanpage des sozialen Netzwerkes Facebook, welches von der Facebook Inc., 16091 S. California Avenue, Palo Alto, CA 94394, USA betreiben wird.<\/p>\n\n\n\n<p>Fanpages sind Benutzerkonten, die bei Facebook von Privatpersonen oder Unternehmen eingerichtet werden k\u00f6nnen. Der\/die Fanpage-AnbieterIn kann nach einer Registrierung bei Facebook die von dieser unterhaltenen Plattform dazu benutzen, sich den NutzerInnnen dieses sozialen Netzwerks sowie Personen, die die Fanpage besuchen, zu pr\u00e4sentieren und \u00c4u\u00dferungen aller Art in den Medien- und Meinungsmarkt einzubringen. Die BetreiberInnen von Fanpages k\u00f6nnen mit Hilfe der Funktion Facebook Insight, die ihnen Facebook als nicht abdingbaren Teil des Benutzungsverh\u00e4ltnisses kostenfrei zur Verf\u00fcgung stellt, anonymisierte statistische Daten betreffend die NutzerInnen dieser Seiten erhalten. Diese Daten werden mit Hilfe sogenannter Cookies gesammelt, die jeweils einen eindeutigen Benutzercode enthalten, der f\u00fcr zwei Jahre aktiv ist und den Facebook auf der Festplatte des Computers oder einem anderen Datentr\u00e4ger der BesucherInnen der Fanpage speichert. Der Benutzercode, der mit den Anmeldungsdaten solcher NutzerInnen, die bei Facebook registriert sind, verkn\u00fcpft werden kann, wird beim Aufrufen der Fanpages erhoben und verarbeitet.<\/p>\n\n\n\n<h2 class=\"wp-block-heading\">Facebook Pixel<\/h2>\n\n\n\n<p>Innerhalb unseres Onlineangebotes werden sog. \u201eFacebook-Pixel\u201c des sozialen Netzwerkes Facebook, welches von der Facebook Inc., 1 Hacker Way, Menlo Park, CA 94025, USA, bzw. falls Sie in der EU ans\u00e4ssig sind, Facebook Ireland Ltd., 4 Grand Canal Square, Grand Canal Harbour, Dublin 2, Irland betrieben wird (\u201eFacebook\u201c), eingesetzt. Mit Hilfe des Facebook-Pixels ist es Facebook m\u00f6glich, die Besucher unseres Angebotes als Zielgruppe f\u00fcr die Darstellung von Anzeigen, sog. \u201eFacebook-Ads\u201c zu bestimmen. Dementsprechend setzen wir das Facebook -Pixel ein, um die durch uns geschalteten Facebook-Ads nur solchen Facebook-Nutzern anzuzeigen, die auch ein Interesse an unserem Internetangebot gezeigt haben. Das hei\u00dft, mit Hilfe des Facebook -Pixels m\u00f6chten wir sicherstellen, dass unsere Facebook-Ads dem potentiellen Interesse der Nutzer entsprechen und nicht bel\u00e4stigend wirken. Mit Hilfe des Facebook-Pixels k\u00f6nnen wir ferner die Wirksamkeit der Facebook-Werbeanzeigen f\u00fcr statistische und Marktforschungszwecke nachvollziehen, in dem wir sehen ob Nutzer nachdem Klick auf eine Facebook-Werbeanzeige auf unsere Website weitergeleitet wurden.&nbsp;<\/p>\n\n\n\n<p>Der Facebook-Pixel wird beim Aufruf unserer Webseiten unmittelbar durch Facebook eingebunden und k\u00f6nnen auf Ihrem Ger\u00e4t ein sog. Cookie, d.h. eine kleine Datei abspeichern. Wenn Sie sich anschlie\u00dfend bei Facebook einloggen oder im eingeloggten Zustand Facebook besuchen, wird der Besuch unseres Angebotes in Ihrem Profil vermerkt. Die \u00fcber Sie erhobenen Daten sind f\u00fcr uns anonym, bieten uns also keine R\u00fcckschl\u00fcsse auf die Identit\u00e4t der Nutzer. Allerdings werden die Daten von Facebook gespeichert und verarbeitet, sodass eine Verbindung zum jeweiligen Nutzerprofil m\u00f6glich ist. Die Verarbeitung der Daten durch Facebook erfolgt im Rahmen von Facebooks Datenverwendungsrichtlinie. Dementsprechend erhalten Sie weitere Informationen zur Funktionsweise des Remarketing-Pixels und generell zur Darstellung von Facebook-Ads, in der Datenverwendungsrichtlinie von Facebook:&nbsp;<a href=\"https:\/\/www.facebook.com\/policy.php\" target=\"_blank\" rel=\"noreferrer noopener\">https:\/\/www.facebook.com\/policy.php<\/a>.&nbsp;<\/p>\n\n\n\n<p>Sie k\u00f6nnen der Erfassung durch den Facebook-Pixel und Verwendung Ihrer Daten zur Darstellung von Facebook-Ads widersprechen. Hierzu k\u00f6nnen Sie die von Facebook eingerichtete Seite aufrufen und dort die Hinweise zu den Einstellungen nutzungsbasierter Werbung befolgen:&nbsp;<a href=\"https:\/\/www.facebook.com\/settings?tab=ads\" target=\"_blank\" rel=\"noreferrer noopener\">https:\/\/www.facebook.com\/settings?tab=ads<\/a>&nbsp;oder den Widerspruch \u00fcber die US-amerikanische Seite&nbsp;<a href=\"http:\/\/www.aboutads.info\/choices\/\" target=\"_blank\" rel=\"noreferrer noopener\">http:\/\/www.aboutads.info\/choices\/<\/a>&nbsp;oder die EU-Seite&nbsp;<a href=\"http:\/\/www.youronlinechoices.com\/\" target=\"_blank\" rel=\"noreferrer noopener\">http:\/\/www.youronlinechoices.com\/<\/a>&nbsp;erkl\u00e4ren. Die Einstellungen erfolgen plattformunabh\u00e4ngig, d.h. sie werden f\u00fcr alle Ger\u00e4te, wie Desktopcomputer oder mobile Ger\u00e4te \u00fcbernommen.<\/p>\n\n\n\n<h2 class=\"wp-block-heading\">Sonstige Betroffenenrechte<\/h2>\n\n\n\n<p>Weiters haben Sie folgende Rechte:&nbsp;<\/p>\n\n\n\n<ul class=\"wp-block-list\">\n<li>Recht auf Auskunft \u00fcber die betreffenden personenbezogenen Daten<\/li>\n\n\n\n<li>Recht auf Berichtigung, L\u00f6schung oder Einschr\u00e4nkung der Verarbeitung<\/li>\n\n\n\n<li>Recht auf Daten\u00fcbertragbarkeit<\/li>\n\n\n\n<li>Recht auf Widerspruch<\/li>\n<\/ul>\n\n\n\n<p>Diese Rechte k\u00f6nnen Sie bei der Hochschule f\u00fcr Angewandte Wissenschaften St. P\u00f6lten GmbH als verantwortliche Datenverarbeiterin geltend machen.\u00a0<a href=\"https:\/\/datenschutz.ustp.at\/\" target=\"_blank\" rel=\"noreferrer noopener\">Bitte verwenden Sie dazu dieses Formular<\/a>.\u00a0<\/p>\n\n\n\n<ul class=\"wp-block-list\">\n<li>Recht auf Beschwerde, welche bei der \u00f6sterreichischen Datenschutzbeh\u00f6rde, E-Mail:\u00a0<a href=\"mailto:dsb@dsb.gv.at\">dsb@dsb.gv.at<\/a>\u00a0als zust\u00e4ndige Aufsichtsbeh\u00f6rde einzubringen ist.<\/li>\n<\/ul>\n\n\n\n<p>Sollten Sie noch zus\u00e4tzliche Fragen oder Anregungen haben, k\u00f6nnen Sie uns jederzeit per E-Mail kontaktieren:\u00a0<a href=\"mailto:datenschutz@ustp.at\">datenschutz@ustp.at<\/a><\/p>\n\n\n\n<p>Im Rahmen der Lehr- und Forschungst\u00e4tigkeiten der Hochschule f\u00fcr Angewandte Wissenschaften St. P\u00f6lten GmbH werden von dieser als verantwortliche Stelle und aus \u00fcberwiegenden berechtigten Interessen an wissenschaftlicher Forschung auch Projekte und wissenschaftliche Arbeiten im Sinne von \u00a7 2d Forschungsorganisationsgesetz durchgef\u00fchrt. \u00dcber die genaue Ausgestaltung der damit verbundenen Datenverarbeitungen und der dazu bestehenden Datenschutzrechte werden Betroffene in Zusammenhang mit den konkreten Projekten und wissenschaftlichen Arbeiten informiert.<\/p>\n","protected":false},"excerpt":{"rendered":"<p>Datenschutz Datenschutzrechtliche Verantwortliche:Hochschule f\u00fcr Angewandte Wissenschaften St. P\u00f6lten GmbH Campus-Platz 13100 St. P\u00f6lten\u00a0datenschutz@ustp.at Datenschutzbeauftragte\/r der Hochschule f\u00fcr Angewandte Wissenschaften St. P\u00f6lten GmbH:Urbanek Lind Schmid Reisch Rechtsanw\u00e4lte OGDomgasse 23100 St. P\u00f6lten\u00a0office.st.poelten@ulsr.at Nutzung der Website Schon bei jedem Besuch und jeder Nutzung unserer Homepage speichern wir folgende Daten: Zweck dieser Datenverarbeitung ist die Aufrechterhaltung unseres Webauftritts, insbesondere [&hellip;]<\/p>\n","protected":false},"author":2,"featured_media":0,"parent":0,"menu_order":0,"comment_status":"closed","ping_status":"closed","template":"page-templates\/page_fullwidth.php","meta":{"footnotes":""},"class_list":["post-523","page","type-page","status-publish","hentry"],"_links":{"self":[{"href":"https:\/\/projektevernissage.ustp.at\/B\/wp-json\/wp\/v2\/pages\/523","targetHints":{"allow":["GET"]}}],"collection":[{"href":"https:\/\/projektevernissage.ustp.at\/B\/wp-json\/wp\/v2\/pages"}],"about":[{"href":"https:\/\/projektevernissage.ustp.at\/B\/wp-json\/wp\/v2\/types\/page"}],"author":[{"embeddable":true,"href":"https:\/\/projektevernissage.ustp.at\/B\/wp-json\/wp\/v2\/users\/2"}],"replies":[{"embeddable":true,"href":"https:\/\/projektevernissage.ustp.at\/B\/wp-json\/wp\/v2\/comments?post=523"}],"version-history":[{"count":9,"href":"https:\/\/projektevernissage.ustp.at\/B\/wp-json\/wp\/v2\/pages\/523\/revisions"}],"predecessor-version":[{"id":2361,"href":"https:\/\/projektevernissage.ustp.at\/B\/wp-json\/wp\/v2\/pages\/523\/revisions\/2361"}],"wp:attachment":[{"href":"https:\/\/projektevernissage.ustp.at\/B\/wp-json\/wp\/v2\/media?parent=523"}],"curies":[{"name":"wp","href":"https:\/\/api.w.org\/{rel}","templated":true}]}}