{"id":53,"date":"2019-08-01T16:01:11","date_gmt":"2019-08-01T14:01:11","guid":{"rendered":"https:\/\/projektevernissage.fhstp.ac.at\/B\/?page_id=53"},"modified":"2019-08-02T13:12:51","modified_gmt":"2019-08-02T11:12:51","slug":"geschichte","status":"publish","type":"page","link":"https:\/\/projektevernissage.ustp.at\/B\/geschichte\/","title":{"rendered":"Geschichte"},"content":{"rendered":"\n<div class=\"blue-border-title\"><h1>Die Geschichte der Projektevernissage<\/h1><\/div>\n\n\n\n<h2 class=\"wp-block-heading\">Es begann 2005 mit der Idee<\/h2>\n\n\n\n<p>Das Jahr 2005 war die Geburtsstunde der Projektevernissage an der FH St. P\u00f6lten. Ideengeber waren Dipl.-Ing. Grischa Schmiedl, Leiter des Institutes f\u00fcr Medieninformatik an der Fachhochschule St. P\u00f6lten und MMag. Birgit Schmiedl, Lektorin im Bereich Projektmanagement. Ziel war, Studierende im Rahmen der Veranstaltung Projektmanagement in die Geheminisse des Projektmarketing einzuf\u00fchren und Projekte aus dem Studiengang Telekommunikation und Medien im Rahmen einer Messe zu vermarkten.<\/p>\n\n\n\n<p>Schon die Erstausgabe sollte einen Hauch von Interdisziplinarit\u00e4t verspr\u00fchen. Der Grund: Das Projekt \u201aBildungsportale\u2019, in dem Studierende der Studieng\u00e4nge Telekommunikation und Medien sowie Medienmanagement unter der Leitung von Grischa Schmiedl und FH-Prof. Dipl. P\u00e4d. Corinna Haas, Dozentin im Studiengang Medienmanagement gemeinsam an der Realisierung von Online-Medien f\u00fcr Kinder und Jugendliche arbeiteten.<\/p>\n\n\n\n<h2 class=\"wp-block-heading\">Projektevernissage 2005<\/h2>\n\n\n\n<p>Im Dezember 2005 fand dann unter der Leitung von Grischa und Birgit Schmiedl sowie Corinna Haas die erste Projektevernissage an der FH St. P\u00f6lten statt. An dieser nahmen 16 Projektgruppen des Studienganges Telekommunikation &amp; Medien sowie vier studiengangs\u00fcbergreifende Projektgruppen des Studienganges Medienmanagement und Telekommunikation &amp; Medien teil. Mit einem Budget von \u20ac 30.- f\u00fcr die Standgestaltung ausger\u00fcstet, konnten die Studierenden ihre Projektpr\u00e4sentationen interessant und ihren Ausstellungsplatz kreativ gestalten. Besucher waren die Projektteams selbst, deren Studienkollegen, Freunde und geladene G\u00e4ste. Die G\u00e4ste hatten zwei bis drei Stunden lang die Gelegenheit, sich mit den verschiedenen Projekten genau auseinander zu setzen. In einer angenehm freundlich gestalteten Atmosph\u00e4re konnten die G\u00e4ste Kontakte kn\u00fcpfen, Informationen austauschen und bei einigen Schl\u00fcckchen Sekt den Abend entspannt ausklingen lassen.<\/p>\n\n\n\n<h2 class=\"wp-block-heading\">Projektevernissage 2007<\/h2>\n\n\n\n<p>Nach dem gro\u00dfen Erfolg der ersten Projektevernissage kam es im Jahr 2007 zu einer Neuauflage dieser ambitionierten Veranstaltung. Mit dann schon mehr als 30 Projekten aus den Studieng\u00e4ngen Telekommunikation und Medien, Medienmanagement und Computersimulation wurde eine noch breitere Projekt- und Themenpalette als im Vorjahr geboten.<\/p>\n\n\n\n<h2 class=\"wp-block-heading\">Projektevernissage 2008<\/h2>\n\n\n\n<p>Die Projektevernissage 2008 stand unter einem Wachstums- und Innovations-Stern. Zum ersten Mal waren Projektgruppen aller FH-Studieng\u00e4nge eingeladen, an der Projektausstellung teilzunehmen. \u00dcber Di\u00e4tologie, Medienmanagement, Media- und Kommunikationsberatung, Medientechnik und Telekommunikation und Medien bis hin zur Sozialarbeit stellten sich Ausstellerteams einer breiten \u00d6ffentlichkeit. Mit ca. 50 Projekten (und mehr als 300 Projektmitgliedern) wurde die Ausstellerzahl fast verdoppelt. Doch wie es der Zufall wollte: Erstmals stand der Festsaal des neuen FH-Geb\u00e4udes als Messelocation zur Verf\u00fcgung \u2013 und lie\u00df auch gleich gro\u00dfartiges Messeflair aufkommen. FH-interne und -externe Besucher wie der Landesvertreter Dr. Michalitsch, Stadtr\u00e4tin Mag. Gamsj\u00e4ger und Mag. Kolarz-Lackenbacher vom F\u00f6rderverein der FH zeigten sich vom Innovationspotenzial und Ideenreichtum der Studierenden begeistert.<\/p>\n\n\n\n<h2 class=\"wp-block-heading\">Projektevernissage 2009<\/h2>\n\n\n\n<p>\u00dcber 40 studentische Ausstellerteams aus fast allen Studieng\u00e4ngen pr\u00e4sentierten ihre Projekte einem breiten FH-internen und -externen Publikum. Die thematische Bandbreite erstreckte sich von Schulkooperationen \u00fcber Image- und Experimentalfilme bis hin zu virtuellen F\u00fchrungen durch die FH. Die BesucherInnen zeigten sich begeistert vom kreativen Potenzial, der fachlichen Expertise und dem hohen Niveau der FH-Studierenden. Zufrieden auch die AustellerInnen: Neben der Pr\u00e4sentation der eigenen Projekte nutzten die Studierenden die Projektevernissage auch daf\u00fcr, sich \u00fcber andere Studieng\u00e4nge zu informieren.<\/p>\n\n\n\n<h2 class=\"wp-block-heading\">Projektevernissage 2010<\/h2>\n\n\n\n<p>\u201eGipfelst\u00fcrmerInnen unter sich\u201c lautete das Motto der studentischen Projektmesse an der Fachhochschule St. P\u00f6lten. Mehr als 60 AusstellerInnen aus allen Studienbereichen pr\u00e4sentieren ihre innovativen und kreativen Ideen. Mit dieser erfreulichen Ausstellerzahl konnte ein neuer Rekord in der Geschichte der Projektevernissage erreicht werden. Die Vernissage bot Studierenden und Lehrbeauftragten die M\u00f6glichkeit, die Projektideen \u2013 und damit nicht zuletzt auch Produktideen \u2013 untereinander zu begutachten. Dadurch wurde au\u00dferhalb der Projektgruppen ein reger Erfahrungs-, Interessens- und Lehrtausch praktiziert. Als bestes Projekt wurde \u201eSensing Movement\u201c, ein Fr\u00fchwarnsystem f\u00fcr Hangbewegungen ausgezeichnet.<\/p>\n\n\n\n<h2 class=\"wp-block-heading\">Projektevernissage 2011<\/h2>\n\n\n\n<p>Unter dem Motto \u201eSprungbrett in die Zukunft\u201c pr\u00e4sentierten rund 60 Ausstellerteams aller Studieng\u00e4nge bei der 6. Projektevernissage ihre Arbeiten der \u00d6ffentlichkeit. Eine sechsk\u00f6pfige Jury aus VertreterInnen der Wirtschaft k\u00fcrte das Projekt \u201eWebsite VS Pottenbrunn\u201c einstimmig zum Gewinnerteam der diesj\u00e4hrigen Projektevernissage. Die hohe Qualit\u00e4t \u2013 vom Projektauftrag bis zur Umsetzung \u2013 der Teams erschwerte die Wertung der Jury. Der zweite Platz ging so erstmals ex aequo an die Projekte \u201eHilfe f\u00fcr Lugarawa\u201c und \u201eDressya \u2013 der virtuelle Kleiderschrank\u201c.<\/p>\n\n\n\n<h2 class=\"wp-block-heading\">Projektevernissage 2017<\/h2>\n\n\n\n<p>Erstmalig wurde 2017 mit 111 Ausstellern aus 10 Studieng\u00e4ngen die hunderter Marke geknackt. Es wurden in 10 Kategorien die Gewinner von hochkar\u00e4tigen Jurys ermittelt (<a href=\"https:\/\/projektevernissage.fhstp.ac.at\/wordpress\/siegerteams-2017\/\">hier nachlesen<\/a>). Sehr kreative, innovative, aber ebenso umsetzbare Projekte wurden von Studierenden ausgestellt und die eine enorme Dichte an interessanten Arbeiten an der FH St. P\u00f6lten darstellten. Auch ein Publikumspreis wurde per SMS-Voting ermittelt und ging an \u201eSchmerzfreikarte\u201c.<\/p>\n","protected":false},"excerpt":{"rendered":"<p>Die Geschichte der Projektevernissage Es begann 2005 mit der Idee Das Jahr 2005 war die Geburtsstunde der Projektevernissage an der FH St. P\u00f6lten. Ideengeber waren Dipl.-Ing. Grischa Schmiedl, Leiter des Institutes f\u00fcr Medieninformatik an der Fachhochschule St. P\u00f6lten und MMag. Birgit Schmiedl, Lektorin im Bereich Projektmanagement. Ziel war, Studierende im Rahmen der Veranstaltung Projektmanagement in [&hellip;]<\/p>\n","protected":false},"author":1,"featured_media":0,"parent":0,"menu_order":0,"comment_status":"closed","ping_status":"closed","template":"page-templates\/page_fullwidth.php","meta":{"footnotes":""},"class_list":["post-53","page","type-page","status-publish","hentry"],"_links":{"self":[{"href":"https:\/\/projektevernissage.ustp.at\/B\/wp-json\/wp\/v2\/pages\/53","targetHints":{"allow":["GET"]}}],"collection":[{"href":"https:\/\/projektevernissage.ustp.at\/B\/wp-json\/wp\/v2\/pages"}],"about":[{"href":"https:\/\/projektevernissage.ustp.at\/B\/wp-json\/wp\/v2\/types\/page"}],"author":[{"embeddable":true,"href":"https:\/\/projektevernissage.ustp.at\/B\/wp-json\/wp\/v2\/users\/1"}],"replies":[{"embeddable":true,"href":"https:\/\/projektevernissage.ustp.at\/B\/wp-json\/wp\/v2\/comments?post=53"}],"version-history":[{"count":2,"href":"https:\/\/projektevernissage.ustp.at\/B\/wp-json\/wp\/v2\/pages\/53\/revisions"}],"predecessor-version":[{"id":57,"href":"https:\/\/projektevernissage.ustp.at\/B\/wp-json\/wp\/v2\/pages\/53\/revisions\/57"}],"wp:attachment":[{"href":"https:\/\/projektevernissage.ustp.at\/B\/wp-json\/wp\/v2\/media?parent=53"}],"curies":[{"name":"wp","href":"https:\/\/api.w.org\/{rel}","templated":true}]}}