{"id":60,"date":"2019-08-08T13:19:08","date_gmt":"2019-08-08T11:19:08","guid":{"rendered":"https:\/\/projektevernissage.fhstp.ac.at\/B\/?page_id=60"},"modified":"2021-11-03T13:02:28","modified_gmt":"2021-11-03T12:02:28","slug":"siegerinnenteams-2019","status":"publish","type":"page","link":"https:\/\/projektevernissage.ustp.at\/B\/siegerinnenteams-2019\/","title":{"rendered":"Sieger*innenteams 2019"},"content":{"rendered":"\n<div class=\"blue-border-title\"><h1> \nSieger*innenteams 2019\n<\/h1><\/div>\n\n\n\n<figure class=\"wp-block-image\"><img loading=\"lazy\" decoding=\"async\" width=\"1024\" height=\"337\" src=\"https:\/\/projektevernissage.fhstp.ac.at\/B\/wp-content\/uploads\/2019\/08\/Sieger-Header_PV_2019-1024x337.jpg\" alt=\"\" class=\"wp-image-76\" srcset=\"https:\/\/projektevernissage.ustp.at\/B\/wp-content\/uploads\/2019\/08\/Sieger-Header_PV_2019-1024x337.jpg 1024w, https:\/\/projektevernissage.ustp.at\/B\/wp-content\/uploads\/2019\/08\/Sieger-Header_PV_2019-300x99.jpg 300w, https:\/\/projektevernissage.ustp.at\/B\/wp-content\/uploads\/2019\/08\/Sieger-Header_PV_2019-768x253.jpg 768w, https:\/\/projektevernissage.ustp.at\/B\/wp-content\/uploads\/2019\/08\/Sieger-Header_PV_2019-700x230.jpg 700w, https:\/\/projektevernissage.ustp.at\/B\/wp-content\/uploads\/2019\/08\/Sieger-Header_PV_2019-410x135.jpg 410w, https:\/\/projektevernissage.ustp.at\/B\/wp-content\/uploads\/2019\/08\/Sieger-Header_PV_2019-100x33.jpg 100w, https:\/\/projektevernissage.ustp.at\/B\/wp-content\/uploads\/2019\/08\/Sieger-Header_PV_2019-275x91.jpg 275w, https:\/\/projektevernissage.ustp.at\/B\/wp-content\/uploads\/2019\/08\/Sieger-Header_PV_2019.jpg 1771w\" sizes=\"auto, (max-width: 1024px) 100vw, 1024px\" \/><\/figure>\n\n\n\n<p>Am 15.1.2019 war es wieder so weit und die 14. Projektevernissage fand mit 122 AusstellerInnenteams an der FH St. P\u00f6lten statt. Hier finden Sie die Siegerprojekte im \u00dcberblick: <\/p>\n\n\n\n<div class=\"single-project\">\n<h2>1. Platz in der Kategorie Bahntechnologie:<\/h2>\n<a href=\"\/B\/siegerinnenteams-2019\/bruck-mur-graz-streckenoptimierung\/\">Bruck\/Mur \u2013 Graz Streckenoptimierung<\/a>\n<p>Projektmitglieder: Julian Kaiblinger (bm171002), Florian Truckendanner (bm171007), Markus Vrana (bm171009), Benedikt Biedermann (bm171010)<\/p>\n<\/div>\n\n\n\n<div class=\"single-project\">\n<h2>1. Platz in der Kategorie Medientechnik \u2013 Webprojekte:<\/h2>\n<a href=\"\/B\/siegerinnenteams-2019\/2019-greenovate-krems\">Greenovate K(r)EMs<\/a>\n<p>Projektmitglieder: Jan Kollars (mt171031), Hanna Schimek (mt171056), Sandra Szeliga (mt171067), Mario Zeller (mt171093)<\/p>\n<\/div>\n\n\n\n<div class=\"single-project\"><h2>\n1. Platz in der Kategorie Medientechnik \u2013 lineare Audio\/Video-Produktion:<\/h2><a href=\"\/B\/siegerinnenteams-2019\/2019-ocean-of-colors\">\nocean of colors\n<\/a><p>\nProjektmitglieder: Sophie Yang (mt171077), Ines Blatterer (mt171089)\n<\/p>\n<\/div>\n\n\n\n<div class=\"single-project\"><h2>\n1. Platz in der Kategorie Medientechnik \u2013 Master\/Projektsemester:\n<\/h2><a href=\"\/B\/siegerinnenteams-2019\/2019-the-attic-halo\">\nThe Attic \u2013 Halo\n<\/a><p>\nProjektmitglieder: Samuel Baumgartner (mt171004), Tanja Graf (mt171017), Melissa Mumic (mt171041), Alexander Schuster (mt171059), Tobias Jungmeier (mt171111)\n<\/p>\n<\/div>\n\n\n\n<div class=\"single-project\"><h2>\n1. Platz in der Kategorie Gesundheit:\n<\/h2><a href=\"\/B\/siegerinnenteams-2019\/2019-schmerz-die-sprache-machts\">\nSchmerz \u2013 die Sprache macht\u2019s!\n<\/a><p>\nProjektmitglieder: David P\u00f6tschner (pt171028), Kerstin Prock (pt171029), Giulia Raberger (pt171031), Kathrin Reisinger (pt171032)\n<\/p>\n<\/div>\n\n\n\n<div class=\"single-project\"><h2>\n1. Platz in der Kategorie Bewegtbild &amp; Kommunikationskonzepte:\n<\/h2><a href=\"\/B\/siegerinnenteams-2019\/2019-musikvideo-goodvibes\">\nMusikvideo GoodVibes\n<\/a><p>\nProjektmitglieder: Stefanie Haag (mm171019), Alexandra Hofstetter (mm171029), Anna Pfeiffer (mm171055), Verena P\u00f6lzl (mm171059)\n<\/p>\n<\/div>\n\n\n\n<div class=\"single-project\"><h2>\n1. Platz in der Kategorie Soziales:\n<\/h2><a href=\"\/B\/siegerinnenteams-2019\/2019-welche-ziele-moeglichkeiten-und-ansaetze-haben-menschen-mit-beeintraechtigungen-zur-selbstbestimmung-und-in-weiterer-folge-zur-selbstverwirklichung\">\nWelche Ziele, M\u00f6glichkeiten und Ans\u00e4tze haben Menschen mit Beeintr\u00e4chtigungen zur Selbstbestimmung und in weiterer Folge zur Selbstverwirklichung?\n<\/a><p>\nProjektmitglieder: Christoph Ebner (so161004), Mohammad Amini (so161302), Anna Dworakowska (so161305), Viktor Gluttig (so161309), Sabrina Kalteis (so161314), Astrid Pacher (so161323), Christoph Wilhelmer (so161338), Emir Numanovic (so161347), Konstantin B\u00f6ck (so161350)\n<\/p>\n<\/div>\n\n\n\n<div class=\"single-project\"><h2>\n1. Platz in der Kategorie Radio, Online:\n<\/h2><a href=\"\/B\/siegerinnenteams-2019\/2019-bubu-buch-gegen-buch\">\nBuBu \u2013 Buch gegen Buch\n<\/a><p>\nProjektmitglieder: Bernadette Pachschwoell (mm161059), Theresa Stiefelbauer (mm161072), Katharina Wutzl (mm161098)\n<\/p>\n<\/div>\n","protected":false},"excerpt":{"rendered":"<p>Sieger*innenteams 2019 Am 15.1.2019 war es wieder so weit und die 14. Projektevernissage fand mit 122 AusstellerInnenteams an der FH St. P\u00f6lten statt. Hier finden Sie die Siegerprojekte im \u00dcberblick: 1. Platz in der Kategorie Bahntechnologie: Bruck\/Mur \u2013 Graz Streckenoptimierung Projektmitglieder: Julian Kaiblinger (bm171002), Florian Truckendanner (bm171007), Markus Vrana (bm171009), Benedikt Biedermann (bm171010) 1. Platz [&hellip;]<\/p>\n","protected":false},"author":1,"featured_media":0,"parent":0,"menu_order":0,"comment_status":"closed","ping_status":"closed","template":"page-templates\/page_fullwidth.php","meta":{"footnotes":""},"class_list":["post-60","page","type-page","status-publish","hentry"],"_links":{"self":[{"href":"https:\/\/projektevernissage.ustp.at\/B\/wp-json\/wp\/v2\/pages\/60","targetHints":{"allow":["GET"]}}],"collection":[{"href":"https:\/\/projektevernissage.ustp.at\/B\/wp-json\/wp\/v2\/pages"}],"about":[{"href":"https:\/\/projektevernissage.ustp.at\/B\/wp-json\/wp\/v2\/types\/page"}],"author":[{"embeddable":true,"href":"https:\/\/projektevernissage.ustp.at\/B\/wp-json\/wp\/v2\/users\/1"}],"replies":[{"embeddable":true,"href":"https:\/\/projektevernissage.ustp.at\/B\/wp-json\/wp\/v2\/comments?post=60"}],"version-history":[{"count":32,"href":"https:\/\/projektevernissage.ustp.at\/B\/wp-json\/wp\/v2\/pages\/60\/revisions"}],"predecessor-version":[{"id":812,"href":"https:\/\/projektevernissage.ustp.at\/B\/wp-json\/wp\/v2\/pages\/60\/revisions\/812"}],"wp:attachment":[{"href":"https:\/\/projektevernissage.ustp.at\/B\/wp-json\/wp\/v2\/media?parent=60"}],"curies":[{"name":"wp","href":"https:\/\/api.w.org\/{rel}","templated":true}]}}