{"id":627,"date":"2020-01-15T14:08:17","date_gmt":"2020-01-15T13:08:17","guid":{"rendered":"https:\/\/projektevernissage.fhstp.ac.at\/B\/?page_id=627"},"modified":"2021-11-03T14:38:03","modified_gmt":"2021-11-03T13:38:03","slug":"siegerinnenteams-2020","status":"publish","type":"page","link":"https:\/\/projektevernissage.ustp.at\/B\/siegerinnenteams-2020\/","title":{"rendered":"Sieger*innenteams 2020"},"content":{"rendered":"\n<h1 class=\"wp-block-heading\">Sieger*innenteams 2020<\/h1>\n\n\n\n<figure class=\"wp-block-image\"><img loading=\"lazy\" decoding=\"async\" width=\"850\" height=\"280\" src=\"https:\/\/projektevernissage.fhstp.ac.at\/B\/wp-content\/uploads\/2020\/01\/Header_PV_Siegerprojekte2020.jpg\" alt=\"\" class=\"wp-image-800\" srcset=\"https:\/\/projektevernissage.ustp.at\/B\/wp-content\/uploads\/2020\/01\/Header_PV_Siegerprojekte2020.jpg 850w, https:\/\/projektevernissage.ustp.at\/B\/wp-content\/uploads\/2020\/01\/Header_PV_Siegerprojekte2020-300x99.jpg 300w, https:\/\/projektevernissage.ustp.at\/B\/wp-content\/uploads\/2020\/01\/Header_PV_Siegerprojekte2020-768x253.jpg 768w, https:\/\/projektevernissage.ustp.at\/B\/wp-content\/uploads\/2020\/01\/Header_PV_Siegerprojekte2020-700x231.jpg 700w, https:\/\/projektevernissage.ustp.at\/B\/wp-content\/uploads\/2020\/01\/Header_PV_Siegerprojekte2020-410x135.jpg 410w, https:\/\/projektevernissage.ustp.at\/B\/wp-content\/uploads\/2020\/01\/Header_PV_Siegerprojekte2020-100x33.jpg 100w, https:\/\/projektevernissage.ustp.at\/B\/wp-content\/uploads\/2020\/01\/Header_PV_Siegerprojekte2020-275x91.jpg 275w\" sizes=\"auto, (max-width: 850px) 100vw, 850px\" \/><\/figure>\n\n\n<div class=\"blue-border-title\">\u00a0<\/div>\n<p>Am 14.01.2020 war es wieder so weit und die 15. Projektevernissage fand mit 116 AusstellerInnenteams an der FH St. P\u00f6lten statt. Hier finden Sie die Siegerprojekte im \u00dcberblick:<\/p>\n<h3>1. PLATZ IN DER KATEGORIE BAHNTECHNOLOGIE:<\/h3>\n<h4><a href=\"https:\/\/projektevernissage.fhstp.ac.at\/B\/siegerinnenteams-2020\/neutrassierung-fuer-klaus-pankraz\/\">Neutrassierung f\u00fcr Klaus Pankraz<\/a><\/h4>\n<p>Projektmitglieder: Julian Kaiblinger (bm171002), Markus Vrana (bm171009), Stefan Kobam (bm171308), Christoph Wasser (bm171326)<\/p>\n<h3>1. PLATZ IN DER KATEGORIE MEDIENTECHNIK- WEBPROJEKTE:<\/h3>\n<h4><a href=\"https:\/\/projektevernissage.fhstp.ac.at\/B\/siegerinnenteams-2020\/football-helps\/\">Football Helps<\/a><\/h4>\n<p>Projektmitglieder: Lena Kernstock (mt181032), Marlies Riepl (mt181062), Stefan Klimpfinger (mt181107), Natalie Biegler (mt181140), Ren\u00e9 Langschwert (mt182001)<\/p>\n<h3>1. PLATZ IN DER KATEGORIE MEDIENTECHNIK- AUDIO\/VIDEO-PROJEKTE:<\/h3>\n<h4><a href=\"https:\/\/projektevernissage.fhstp.ac.at\/B\/siegerinnenteams-2020\/unternehmen-entdecken-schubert-elektroanlagen-gmbh\/\">Unternehmen Entdecken: Schubert Elektroanlagen GmbH<\/a><\/h4>\n<p>Projektmitglieder: Allen Campos (mt181015), Stephan Marbacher (mt181019), Erika Schaefer (mt181041), Julia-Anna Hinterdorfer (mt181056), Elena Aistleitner (mt181141)<\/p>\n<h3>1. PLATZ IN DER KATEGORIE MEDIENTECHNIK- AUDIO\/VIDEO &#8211; MASTER UND PROJEKTSEMESTER:<\/h3>\n<h4><a href=\"https:\/\/projektevernissage.fhstp.ac.at\/B\/siegerinnenteams-2020\/2020-onemancrew\/\">OneManCrew<\/a><\/h4>\n<p>Projektmitglieder: Paul Eder (mt171012), Tanja Graf (mt171017), Tobias Steiner (mt171064)<\/p>\n<h3>1. PLATZ IN DER KATEGORIE GESUNDHEIT:<\/h3>\n<h4><a href=\"https:\/\/projektevernissage.fhstp.ac.at\/B\/siegerinnenteams-2020\/2020-smart-food-statt-fast-food\/\">Smart Food, statt Fast Food!<\/a><\/h4>\n<p>Projektmitglieder: Carla Casagranda (di171006), Kathrin Leitner (di171014), Sandra Schafleitner (di171024), Caroline Schiefer (di171025)<\/p>\n<h3>1. PLATZ IN DER KATEGORIE BEWEGTBILD &amp; KOMMUNIKATIONSKONZEPTE:<\/h3>\n<h4><a href=\"https:\/\/projektevernissage.fhstp.ac.at\/B\/siegerinnenteams-2020\/2020-communiversity-tv\/\">Communiversity TV<\/a><\/h4>\n<p>Projektmitglieder: Susanne Heinemann (mm151049), Marlies Gruber (mm171018), Lena Hummelsberger (mm171031), Sarah Maly (mm171088)<\/p>\n<h3>1. PLATZ IN DER KATEGORIE SOZIALES:<\/h3>\n<h4><a href=\"https:\/\/projektevernissage.fhstp.ac.at\/B\/siegerinnenteams-2020\/2020-dazugehoeren\/\">&#8222;Dazugeh\u00f6ren&#8220; Das Erleben von Zugeh\u00f6rigkeit in unterschiedlichen Lebensphasen und seine intersektionalen Dynamiken<\/a><\/h4>\n<p>Projektmitglieder: Julia Koiser (spm183001), Alexandra Franzl (spm183002), Claudia Weiss-lspm (spm183003), Nicole Zwinz (spm183004), Sophie Neudorfer (spm183005), Theresa Gschwendner (spm183006), Renate Sehorz (spm183008), Verena Schwarz (spm183009), Judith Killian (spm183010), Andreas Hallas (spm183011), Thomas Katala-Kronberger (spm183012), Johannes Toth (spm183014), Margarete Zalud (spm183015)<\/p>\n<h3>1. PLATZ IN DER KATEGORIE RADIO, ONLINE:<\/h3>\n<h4><a href=\"https:\/\/projektevernissage.fhstp.ac.at\/B\/siegerinnenteams-2020\/2020-radio-onon\/\">Radio on&amp;on<\/a><\/h4>\n<p>Projektmitglieder: Nicolas Hofbauer (mm171028), Patrick R\u00f6schl (mm171080)<\/p>\n<h3>1. PLATZ IN DER KATEGORIE PHYSIOTHERAPIE:<\/h3>\n<h4><a href=\"https:\/\/projektevernissage.fhstp.ac.at\/B\/siegerinnenteams-2020\/2020-kein-stress-mit-fitness\/\">Kein Stress mit Fitness<\/a><\/h4>\n<p>Projektmitglieder: Corinna Sunnitsch (pt181006), Katharina Wachermayr (pt181014), Johanna Zeh (pt181030), Lisa Teichmeister (pt181036), Sarah Vesely (pt181037), Sarah Zeiller (pt181047)<\/p>\n<h3>1. PLATZ IN DER KATEGORIE DEVELOPMENT UND INSTALLATIONEN:<\/h3>\n<h4><a href=\"https:\/\/projektevernissage.fhstp.ac.at\/B\/siegerinnenteams-2020\/2020-poltergeist-bootcamp\/\">Poltergeist Bootcamp<\/a><\/h4>\n<p>Projektmitglieder: Nicole Bilek (it181502), Andrea Schwarzbauer (it181506), Alisa Feldhofer (it181509), Huang Chen (it181512), Johannes Ambrosch (it181514), Samuel Kreuz (it181518)<\/p>","protected":false},"excerpt":{"rendered":"<p>Sieger*innenteams 2020 \u00a0 Am 14.01.2020 war es wieder so weit und die 15. Projektevernissage fand mit 116 AusstellerInnenteams an der FH St. P\u00f6lten statt. Hier finden Sie die Siegerprojekte im \u00dcberblick: 1. PLATZ IN DER KATEGORIE BAHNTECHNOLOGIE: Neutrassierung f\u00fcr Klaus Pankraz Projektmitglieder: Julian Kaiblinger (bm171002), Markus Vrana (bm171009), Stefan Kobam (bm171308), Christoph Wasser (bm171326) 1. [&hellip;]<\/p>\n","protected":false},"author":3,"featured_media":0,"parent":0,"menu_order":0,"comment_status":"closed","ping_status":"closed","template":"","meta":{"footnotes":""},"class_list":["post-627","page","type-page","status-publish","hentry"],"_links":{"self":[{"href":"https:\/\/projektevernissage.ustp.at\/B\/wp-json\/wp\/v2\/pages\/627","targetHints":{"allow":["GET"]}}],"collection":[{"href":"https:\/\/projektevernissage.ustp.at\/B\/wp-json\/wp\/v2\/pages"}],"about":[{"href":"https:\/\/projektevernissage.ustp.at\/B\/wp-json\/wp\/v2\/types\/page"}],"author":[{"embeddable":true,"href":"https:\/\/projektevernissage.ustp.at\/B\/wp-json\/wp\/v2\/users\/3"}],"replies":[{"embeddable":true,"href":"https:\/\/projektevernissage.ustp.at\/B\/wp-json\/wp\/v2\/comments?post=627"}],"version-history":[{"count":19,"href":"https:\/\/projektevernissage.ustp.at\/B\/wp-json\/wp\/v2\/pages\/627\/revisions"}],"predecessor-version":[{"id":1039,"href":"https:\/\/projektevernissage.ustp.at\/B\/wp-json\/wp\/v2\/pages\/627\/revisions\/1039"}],"wp:attachment":[{"href":"https:\/\/projektevernissage.ustp.at\/B\/wp-json\/wp\/v2\/media?parent=627"}],"curies":[{"name":"wp","href":"https:\/\/api.w.org\/{rel}","templated":true}]}}