{"id":94,"date":"2019-08-08T14:33:26","date_gmt":"2019-08-08T12:33:26","guid":{"rendered":"https:\/\/projektevernissage.fhstp.ac.at\/B\/?page_id=94"},"modified":"2019-08-08T15:08:37","modified_gmt":"2019-08-08T13:08:37","slug":"2019-greenovate-krems","status":"publish","type":"page","link":"https:\/\/projektevernissage.ustp.at\/B\/siegerinnenteams-2019\/2019-greenovate-krems\/","title":{"rendered":"2019 Greenovate K(r)EMs"},"content":{"rendered":"\n<div class=\"blue-border-title\">\n<span>1. Platz in der Kategorie Medientechnik \u2013 Webprojekte<\/span>\n<h1>Greenovate K(r)EMs\n<\/h1><\/div>\n\n\n\n<figure class=\"wp-block-image\"><img loading=\"lazy\" decoding=\"async\" width=\"768\" height=\"157\" src=\"https:\/\/projektevernissage.fhstp.ac.at\/B\/wp-content\/uploads\/2019\/08\/Greenovate-Krems-768x157.png\" alt=\"\" class=\"wp-image-95\" srcset=\"https:\/\/projektevernissage.ustp.at\/B\/wp-content\/uploads\/2019\/08\/Greenovate-Krems-768x157.png 768w, https:\/\/projektevernissage.ustp.at\/B\/wp-content\/uploads\/2019\/08\/Greenovate-Krems-768x157-300x61.png 300w, https:\/\/projektevernissage.ustp.at\/B\/wp-content\/uploads\/2019\/08\/Greenovate-Krems-768x157-700x143.png 700w, https:\/\/projektevernissage.ustp.at\/B\/wp-content\/uploads\/2019\/08\/Greenovate-Krems-768x157-410x84.png 410w, https:\/\/projektevernissage.ustp.at\/B\/wp-content\/uploads\/2019\/08\/Greenovate-Krems-768x157-100x20.png 100w, https:\/\/projektevernissage.ustp.at\/B\/wp-content\/uploads\/2019\/08\/Greenovate-Krems-768x157-275x56.png 275w\" sizes=\"auto, (max-width: 768px) 100vw, 768px\" \/><figcaption> \u00a9 Greenovate K(r)EMs <\/figcaption><\/figure>\n\n\n\n<p><strong>Erstellung einer Website, die \u00d6sterreichs digitalen Leitfaden zur Geb\u00e4udebegr\u00fcnung darstellt.<\/strong><\/p>\n\n\n\n<p>Im Rahme der Projektarbeit des 3. Semesters bmt bereiten wir die Ergebnisse des Projekts Greenovate der Klima- und Energiemodellregion Krems in Form einer modernen Website auf. Bei dem Projekt Greenovate handelt es sich um Forschung zu dem Thema Geb\u00e4udebegr\u00fcnung. Da es sich bei Geb\u00e4udebegr\u00fcnung um das Erschaffen \u201elebendiger\u201c Infrastruktur handelt, kann die erfolgreiche Umsetzung ohne das richtige Knowhow und helfenden Erfahrungswerten schwierig sein. Es fehlt in \u00d6sterreich ein leicht verst\u00e4ndlicher und zug\u00e4nglicher Leitfaden f\u00fcr die Umsetzung von klimarelevanter Geb\u00e4udebegr\u00fcnung. Dieses Manko m\u00f6chte das Projekt \u201eGreenovate K(r)EMs\u201c beheben, indem es \u00f6sterreichischen Stadtverwaltungen, Stadtplanern und Bautr\u00e4gern einen einzigartigen digitalen Leitfaden zur Verf\u00fcgung stellt. Ebenso innovativ sind die zur Erstellung der Website verwendeten Technologien. Der Einsatz von WordPress als Headless CMS und Nuxt.js zur Generierung des Frontends er\u00f6ffnen neue Wege der Informationsdarstellung.<\/p>\n\n\n\n<p><strong>Studiengang<\/strong>: Medientechnik<br><strong>Lehrveranstaltung<\/strong>: PA1 PA bmt17<br><strong>Lehrbeauftragte(r)<\/strong>: Grischa Schmiedl<br><strong>Teamleader<\/strong>: Jan Kollars<br><strong>Projektmitglieder<\/strong>:<\/p>\n\n\n\n<ul class=\"wp-block-list\"><li>Jan Kollars (mt171031)<\/li><li>Hanna Schimek (mt171056)<\/li><li>Sandra Szeliga (mt171067)<\/li><li>Mario Zeller (mt171093)<\/li><\/ul>\n\n\n\n<ul class=\"wp-block-gallery columns-2 is-cropped wp-block-gallery-1 is-layout-flex wp-block-gallery-is-layout-flex\"><li class=\"blocks-gallery-item\"><figure><a href=\"https:\/\/projektevernissage.fhstp.ac.at\/B\/wp-content\/uploads\/2019\/08\/Stand_83_MT_Web.jpg\"><img loading=\"lazy\" decoding=\"async\" width=\"750\" height=\"500\" src=\"https:\/\/projektevernissage.fhstp.ac.at\/B\/wp-content\/uploads\/2019\/08\/Stand_83_MT_Web.jpg\" alt=\"\" data-id=\"96\" class=\"wp-image-96\" srcset=\"https:\/\/projektevernissage.ustp.at\/B\/wp-content\/uploads\/2019\/08\/Stand_83_MT_Web.jpg 750w, https:\/\/projektevernissage.ustp.at\/B\/wp-content\/uploads\/2019\/08\/Stand_83_MT_Web-300x200.jpg 300w, https:\/\/projektevernissage.ustp.at\/B\/wp-content\/uploads\/2019\/08\/Stand_83_MT_Web-700x467.jpg 700w, https:\/\/projektevernissage.ustp.at\/B\/wp-content\/uploads\/2019\/08\/Stand_83_MT_Web-410x273.jpg 410w, https:\/\/projektevernissage.ustp.at\/B\/wp-content\/uploads\/2019\/08\/Stand_83_MT_Web-100x67.jpg 100w, https:\/\/projektevernissage.ustp.at\/B\/wp-content\/uploads\/2019\/08\/Stand_83_MT_Web-275x183.jpg 275w\" sizes=\"auto, (max-width: 750px) 100vw, 750px\" \/><\/a><figcaption> \u00a9 FH St. P\u00f6lten | Felix Deschmann <\/figcaption><\/figure><\/li><li class=\"blocks-gallery-item\"><figure><a href=\"https:\/\/projektevernissage.fhstp.ac.at\/B\/wp-content\/uploads\/2019\/08\/MT_Webprojekte.jpg\"><img loading=\"lazy\" decoding=\"async\" width=\"750\" height=\"500\" src=\"https:\/\/projektevernissage.fhstp.ac.at\/B\/wp-content\/uploads\/2019\/08\/MT_Webprojekte.jpg\" alt=\"\" data-id=\"97\" data-link=\"https:\/\/projektevernissage.fhstp.ac.at\/B\/?attachment_id=97\" class=\"wp-image-97\" srcset=\"https:\/\/projektevernissage.ustp.at\/B\/wp-content\/uploads\/2019\/08\/MT_Webprojekte.jpg 750w, https:\/\/projektevernissage.ustp.at\/B\/wp-content\/uploads\/2019\/08\/MT_Webprojekte-300x200.jpg 300w, https:\/\/projektevernissage.ustp.at\/B\/wp-content\/uploads\/2019\/08\/MT_Webprojekte-700x467.jpg 700w, https:\/\/projektevernissage.ustp.at\/B\/wp-content\/uploads\/2019\/08\/MT_Webprojekte-410x273.jpg 410w, https:\/\/projektevernissage.ustp.at\/B\/wp-content\/uploads\/2019\/08\/MT_Webprojekte-100x67.jpg 100w, https:\/\/projektevernissage.ustp.at\/B\/wp-content\/uploads\/2019\/08\/MT_Webprojekte-275x183.jpg 275w\" sizes=\"auto, (max-width: 750px) 100vw, 750px\" \/><\/a><figcaption> \u00a9 FH St. P\u00f6lten | Felix Deschmann <\/figcaption><\/figure><\/li><\/ul>\n","protected":false},"excerpt":{"rendered":"<p>1. Platz in der Kategorie Medientechnik \u2013 Webprojekte Greenovate K(r)EMs Erstellung einer Website, die \u00d6sterreichs digitalen Leitfaden zur Geb\u00e4udebegr\u00fcnung darstellt. Im Rahme der Projektarbeit des 3. Semesters bmt bereiten wir die Ergebnisse des Projekts Greenovate der Klima- und Energiemodellregion Krems in Form einer modernen Website auf. Bei dem Projekt Greenovate handelt es sich um Forschung [&hellip;]<\/p>\n","protected":false},"author":1,"featured_media":0,"parent":60,"menu_order":0,"comment_status":"closed","ping_status":"closed","template":"page-templates\/page_fullwidth.php","meta":{"footnotes":""},"class_list":["post-94","page","type-page","status-publish","hentry"],"_links":{"self":[{"href":"https:\/\/projektevernissage.ustp.at\/B\/wp-json\/wp\/v2\/pages\/94","targetHints":{"allow":["GET"]}}],"collection":[{"href":"https:\/\/projektevernissage.ustp.at\/B\/wp-json\/wp\/v2\/pages"}],"about":[{"href":"https:\/\/projektevernissage.ustp.at\/B\/wp-json\/wp\/v2\/types\/page"}],"author":[{"embeddable":true,"href":"https:\/\/projektevernissage.ustp.at\/B\/wp-json\/wp\/v2\/users\/1"}],"replies":[{"embeddable":true,"href":"https:\/\/projektevernissage.ustp.at\/B\/wp-json\/wp\/v2\/comments?post=94"}],"version-history":[{"count":1,"href":"https:\/\/projektevernissage.ustp.at\/B\/wp-json\/wp\/v2\/pages\/94\/revisions"}],"predecessor-version":[{"id":98,"href":"https:\/\/projektevernissage.ustp.at\/B\/wp-json\/wp\/v2\/pages\/94\/revisions\/98"}],"up":[{"embeddable":true,"href":"https:\/\/projektevernissage.ustp.at\/B\/wp-json\/wp\/v2\/pages\/60"}],"wp:attachment":[{"href":"https:\/\/projektevernissage.ustp.at\/B\/wp-json\/wp\/v2\/media?parent=94"}],"curies":[{"name":"wp","href":"https:\/\/api.w.org\/{rel}","templated":true}]}}